{"id":15433,"date":"2026-03-02T09:11:07","date_gmt":"2026-03-02T09:11:07","guid":{"rendered":"https:\/\/amane.pl\/?page_id=15433"},"modified":"2026-03-02T09:13:12","modified_gmt":"2026-03-02T09:13:12","slug":"perfumowane-olejki","status":"publish","type":"page","link":"https:\/\/amane.pl\/?page_id=15433","title":{"rendered":"perfumowane olejki"},"content":{"rendered":"<div class=\"woocommerce columns-3 product-grid\"><div class=\"woocommerce-notices-wrapper\"><\/div><div class=\"woocommerce-sorting-wrapper\"><div class=\"row\"><div class=\"col-md-6 col-6 botiga-sorting-left\"><div class=\"botiga-sorting-left-inner\"><p class=\"woocommerce-result-count\" role=\"alert\" aria-relevant=\"all\" >\n\tWy\u015bwietlanie wszystkich wynik\u00f3w: 6<\/p>\n<\/div><\/div><div class=\"col-md-6 col-6 botiga-sorting-right\"><div class=\"botiga-sorting-right-inner\"><form class=\"woocommerce-ordering\" method=\"get\">\n\t\t<select\n\t\tname=\"orderby\"\n\t\tclass=\"orderby\"\n\t\t\t\t\taria-label=\"Zam\u00f3wienie w sklepie\"\n\t\t\t>\n\t\t\t\t\t<option value=\"menu_order\"  selected='selected'>Domy\u015blne sortowanie<\/option>\n\t\t\t\t\t<option value=\"popularity\" >Sortuj wg popularno\u015bci<\/option>\n\t\t\t\t\t<option value=\"rating\" >Sortuj wg \u015bredniej oceny<\/option>\n\t\t\t\t\t<option value=\"date\" >Sortuj od najnowszych<\/option>\n\t\t\t\t\t<option value=\"price\" >Sortuj po cenie od najni\u017cszej<\/option>\n\t\t\t\t\t<option value=\"price-desc\" >Sortuj po cenie od najwy\u017cszej<\/option>\n\t\t\t<\/select>\n\t<input type=\"hidden\" name=\"paged\" value=\"1\" \/>\n\t<input type=\"hidden\" name=\"rest_route\" value=\"\/wp\/v2\/pages\/15433\" \/><\/form>\n<\/div><\/div><\/div><\/div><ul class=\"products columns-3\">\n<li class=\"product type-product post-14910 status-publish first instock product_cat-perfumowane-olejki product_cat-pielegnacja has-post-thumbnail shipping-taxable purchasable product-type-simple\">\n\t<a href=\"https:\/\/amane.pl\/?product=olejek-do-ciala-i-kapieli-ambre-mystra\" class=\"woocommerce-LoopProduct-link woocommerce-loop-product__link\"><img loading=\"lazy\" decoding=\"async\" width=\"420\" height=\"280\" src=\"https:\/\/amane.pl\/wp-content\/uploads\/2025\/08\/DSC07126-420x280.jpg\" class=\"attachment-woocommerce_thumbnail size-woocommerce_thumbnail\" alt=\"Olejek do cia\u0142a i k\u0105pieli Ambr\u00e8 Mystra\" srcset=\"https:\/\/amane.pl\/wp-content\/uploads\/2025\/08\/DSC07126-420x280.jpg 420w, https:\/\/amane.pl\/wp-content\/uploads\/2025\/08\/DSC07126-300x200.jpg 300w, https:\/\/amane.pl\/wp-content\/uploads\/2025\/08\/DSC07126-1024x683.jpg 1024w, https:\/\/amane.pl\/wp-content\/uploads\/2025\/08\/DSC07126-768x512.jpg 768w, https:\/\/amane.pl\/wp-content\/uploads\/2025\/08\/DSC07126-1536x1024.jpg 1536w, https:\/\/amane.pl\/wp-content\/uploads\/2025\/08\/DSC07126-1140x760.jpg 1140w, https:\/\/amane.pl\/wp-content\/uploads\/2025\/08\/DSC07126-920x614.jpg 920w, https:\/\/amane.pl\/wp-content\/uploads\/2025\/08\/DSC07126-575x383.jpg 575w, https:\/\/amane.pl\/wp-content\/uploads\/2025\/08\/DSC07126-380x253.jpg 380w, https:\/\/amane.pl\/wp-content\/uploads\/2025\/08\/DSC07126-800x534.jpg 800w, https:\/\/amane.pl\/wp-content\/uploads\/2025\/08\/DSC07126.jpg 1600w\" sizes=\"auto, (max-width: 420px) 100vw, 420px\" \/><h2 class=\"woocommerce-loop-product__title\">Olejek do cia\u0142a i k\u0105pieli Ambr\u00e8 Mystra<\/h2>\n\t<span class=\"price\"><span class=\"woocommerce-Price-amount amount\"><bdi>54,00&nbsp;<span class=\"woocommerce-Price-currencySymbol\">&#122;&#322;<\/span><\/bdi><\/span><\/span>\n<\/a><a href=\"\/index.php?rest_route=%2Fwp%2Fv2%2Fpages%2F15433&#038;add-to-cart=14910\" aria-describedby=\"woocommerce_loop_add_to_cart_link_describedby_14910\" data-quantity=\"1\" class=\"button product_type_simple add_to_cart_button ajax_add_to_cart\" data-product_id=\"14910\" data-product_sku=\"\" aria-label=\"Dodaj do koszyka: &bdquo;Olejek do cia\u0142a i k\u0105pieli Ambr\u00e8 Mystra&rdquo;\" rel=\"nofollow\" data-success_message=\"&ldquo;Olejek do cia\u0142a i k\u0105pieli Ambr\u00e8 Mystra&rdquo; zosta\u0142 dodany do twojego koszyka\" role=\"button\">Dodaj do koszyka<\/a>\t<span id=\"woocommerce_loop_add_to_cart_link_describedby_14910\" class=\"screen-reader-text\">\n\t\t\t<\/span>\n<\/li>\n<li class=\"product type-product post-14839 status-publish instock product_cat-perfumowane-olejki product_cat-pielegnacja has-post-thumbnail shipping-taxable purchasable product-type-simple\">\n\t<a href=\"https:\/\/amane.pl\/?product=olejek-do-ciala-i-kapieli-aurore\" class=\"woocommerce-LoopProduct-link woocommerce-loop-product__link\"><img loading=\"lazy\" decoding=\"async\" width=\"420\" height=\"277\" src=\"https:\/\/amane.pl\/wp-content\/uploads\/2025\/07\/DSC06704-e1753029438641-420x277.jpg\" class=\"attachment-woocommerce_thumbnail size-woocommerce_thumbnail\" alt=\"Olejek do cia\u0142a i k\u0105pieli Aurore\" srcset=\"https:\/\/amane.pl\/wp-content\/uploads\/2025\/07\/DSC06704-e1753029438641-420x277.jpg 420w, https:\/\/amane.pl\/wp-content\/uploads\/2025\/07\/DSC06704-e1753029438641-300x198.jpg 300w, https:\/\/amane.pl\/wp-content\/uploads\/2025\/07\/DSC06704-e1753029438641-1024x674.jpg 1024w, https:\/\/amane.pl\/wp-content\/uploads\/2025\/07\/DSC06704-e1753029438641-768x506.jpg 768w, https:\/\/amane.pl\/wp-content\/uploads\/2025\/07\/DSC06704-e1753029438641-1140x751.jpg 1140w, https:\/\/amane.pl\/wp-content\/uploads\/2025\/07\/DSC06704-e1753029438641-920x606.jpg 920w, https:\/\/amane.pl\/wp-content\/uploads\/2025\/07\/DSC06704-e1753029438641-575x379.jpg 575w, https:\/\/amane.pl\/wp-content\/uploads\/2025\/07\/DSC06704-e1753029438641-380x250.jpg 380w, https:\/\/amane.pl\/wp-content\/uploads\/2025\/07\/DSC06704-e1753029438641-800x527.jpg 800w, https:\/\/amane.pl\/wp-content\/uploads\/2025\/07\/DSC06704-e1753029438641.jpg 1523w\" sizes=\"auto, (max-width: 420px) 100vw, 420px\" \/><h2 class=\"woocommerce-loop-product__title\">Olejek do cia\u0142a i k\u0105pieli Aurore<\/h2>\n\t<span class=\"price\"><span class=\"woocommerce-Price-amount amount\"><bdi>54,00&nbsp;<span class=\"woocommerce-Price-currencySymbol\">&#122;&#322;<\/span><\/bdi><\/span><\/span>\n<\/a><a href=\"\/index.php?rest_route=%2Fwp%2Fv2%2Fpages%2F15433&#038;add-to-cart=14839\" aria-describedby=\"woocommerce_loop_add_to_cart_link_describedby_14839\" data-quantity=\"1\" class=\"button product_type_simple add_to_cart_button ajax_add_to_cart\" data-product_id=\"14839\" data-product_sku=\"\" aria-label=\"Dodaj do koszyka: &bdquo;Olejek do cia\u0142a i k\u0105pieli Aurore&rdquo;\" rel=\"nofollow\" data-success_message=\"&ldquo;Olejek do cia\u0142a i k\u0105pieli Aurore&rdquo; zosta\u0142 dodany do twojego koszyka\" role=\"button\">Dodaj do koszyka<\/a>\t<span id=\"woocommerce_loop_add_to_cart_link_describedby_14839\" class=\"screen-reader-text\">\n\t\t\t<\/span>\n<\/li>\n<li class=\"product type-product post-15463 status-publish last instock product_cat-perfumowane-olejki product_cat-pielegnacja has-post-thumbnail shipping-taxable purchasable product-type-simple\">\n\t<a href=\"https:\/\/amane.pl\/?product=olejek-do-ciala-i-kapieli-sukkub\" class=\"woocommerce-LoopProduct-link woocommerce-loop-product__link\"><img loading=\"lazy\" decoding=\"async\" width=\"420\" height=\"275\" src=\"https:\/\/amane.pl\/wp-content\/uploads\/2026\/03\/DSC01697-e1773752315746-420x275.jpg\" class=\"attachment-woocommerce_thumbnail size-woocommerce_thumbnail\" alt=\"Olejek do cia\u0142a i k\u0105pieli Sukkub\" srcset=\"https:\/\/amane.pl\/wp-content\/uploads\/2026\/03\/DSC01697-e1773752315746-420x275.jpg 420w, https:\/\/amane.pl\/wp-content\/uploads\/2026\/03\/DSC01697-e1773752315746-300x197.jpg 300w, https:\/\/amane.pl\/wp-content\/uploads\/2026\/03\/DSC01697-e1773752315746-1024x672.jpg 1024w, https:\/\/amane.pl\/wp-content\/uploads\/2026\/03\/DSC01697-e1773752315746-768x504.jpg 768w, https:\/\/amane.pl\/wp-content\/uploads\/2026\/03\/DSC01697-e1773752315746-1140x748.jpg 1140w, https:\/\/amane.pl\/wp-content\/uploads\/2026\/03\/DSC01697-e1773752315746-920x603.jpg 920w, https:\/\/amane.pl\/wp-content\/uploads\/2026\/03\/DSC01697-e1773752315746-575x377.jpg 575w, https:\/\/amane.pl\/wp-content\/uploads\/2026\/03\/DSC01697-e1773752315746-380x249.jpg 380w, https:\/\/amane.pl\/wp-content\/uploads\/2026\/03\/DSC01697-e1773752315746-800x525.jpg 800w, https:\/\/amane.pl\/wp-content\/uploads\/2026\/03\/DSC01697-e1773752315746.jpg 1395w\" sizes=\"auto, (max-width: 420px) 100vw, 420px\" \/><h2 class=\"woocommerce-loop-product__title\">Olejek do cia\u0142a i k\u0105pieli Sukkub<\/h2>\n\t<span class=\"price\"><span class=\"woocommerce-Price-amount amount\"><bdi>54,00&nbsp;<span class=\"woocommerce-Price-currencySymbol\">&#122;&#322;<\/span><\/bdi><\/span><\/span>\n<\/a><a href=\"\/index.php?rest_route=%2Fwp%2Fv2%2Fpages%2F15433&#038;add-to-cart=15463\" aria-describedby=\"woocommerce_loop_add_to_cart_link_describedby_15463\" data-quantity=\"1\" class=\"button product_type_simple add_to_cart_button ajax_add_to_cart\" data-product_id=\"15463\" data-product_sku=\"\" aria-label=\"Dodaj do koszyka: &bdquo;Olejek do cia\u0142a i k\u0105pieli Sukkub&rdquo;\" rel=\"nofollow\" data-success_message=\"&ldquo;Olejek do cia\u0142a i k\u0105pieli Sukkub&rdquo; zosta\u0142 dodany do twojego koszyka\" role=\"button\">Dodaj do koszyka<\/a>\t<span id=\"woocommerce_loop_add_to_cart_link_describedby_15463\" class=\"screen-reader-text\">\n\t\t\t<\/span>\n<\/li>\n<li class=\"product type-product post-15426 status-publish first instock product_cat-perfumowane-olejki product_cat-pielegnacja has-post-thumbnail shipping-taxable purchasable product-type-simple\">\n\t<a href=\"https:\/\/amane.pl\/?product=olejek-do-ciala-i-kapieli-twilight\" class=\"woocommerce-LoopProduct-link woocommerce-loop-product__link\"><img loading=\"lazy\" decoding=\"async\" width=\"420\" height=\"280\" src=\"https:\/\/amane.pl\/wp-content\/uploads\/2025\/07\/DSC06682-420x280.jpg\" class=\"attachment-woocommerce_thumbnail size-woocommerce_thumbnail\" alt=\"Olejek do cia\u0142a i k\u0105pieli Twilight\" srcset=\"https:\/\/amane.pl\/wp-content\/uploads\/2025\/07\/DSC06682-420x280.jpg 420w, https:\/\/amane.pl\/wp-content\/uploads\/2025\/07\/DSC06682-300x200.jpg 300w, https:\/\/amane.pl\/wp-content\/uploads\/2025\/07\/DSC06682-1024x683.jpg 1024w, https:\/\/amane.pl\/wp-content\/uploads\/2025\/07\/DSC06682-768x512.jpg 768w, https:\/\/amane.pl\/wp-content\/uploads\/2025\/07\/DSC06682-1536x1024.jpg 1536w, https:\/\/amane.pl\/wp-content\/uploads\/2025\/07\/DSC06682-1140x760.jpg 1140w, https:\/\/amane.pl\/wp-content\/uploads\/2025\/07\/DSC06682-920x614.jpg 920w, https:\/\/amane.pl\/wp-content\/uploads\/2025\/07\/DSC06682-575x383.jpg 575w, https:\/\/amane.pl\/wp-content\/uploads\/2025\/07\/DSC06682-380x253.jpg 380w, https:\/\/amane.pl\/wp-content\/uploads\/2025\/07\/DSC06682-800x534.jpg 800w, https:\/\/amane.pl\/wp-content\/uploads\/2025\/07\/DSC06682.jpg 1600w\" sizes=\"auto, (max-width: 420px) 100vw, 420px\" \/><h2 class=\"woocommerce-loop-product__title\">Olejek do cia\u0142a i k\u0105pieli Twilight<\/h2>\n\t<span class=\"price\"><span class=\"woocommerce-Price-amount amount\"><bdi>54,00&nbsp;<span class=\"woocommerce-Price-currencySymbol\">&#122;&#322;<\/span><\/bdi><\/span><\/span>\n<\/a><a href=\"\/index.php?rest_route=%2Fwp%2Fv2%2Fpages%2F15433&#038;add-to-cart=15426\" aria-describedby=\"woocommerce_loop_add_to_cart_link_describedby_15426\" data-quantity=\"1\" class=\"button product_type_simple add_to_cart_button ajax_add_to_cart\" data-product_id=\"15426\" data-product_sku=\"\" aria-label=\"Dodaj do koszyka: &bdquo;Olejek do cia\u0142a i k\u0105pieli Twilight&rdquo;\" rel=\"nofollow\" data-success_message=\"&ldquo;Olejek do cia\u0142a i k\u0105pieli Twilight&rdquo; zosta\u0142 dodany do twojego koszyka\" role=\"button\">Dodaj do koszyka<\/a>\t<span id=\"woocommerce_loop_add_to_cart_link_describedby_15426\" class=\"screen-reader-text\">\n\t\t\t<\/span>\n<\/li>\n<li class=\"product type-product post-14774 status-publish instock product_cat-perfumowane-olejki product_cat-pielegnacja has-post-thumbnail shipping-taxable purchasable product-type-simple\">\n\t<a href=\"https:\/\/amane.pl\/?product=olejek-do-ciala-i-kapieli-warm-vanilla\" class=\"woocommerce-LoopProduct-link woocommerce-loop-product__link\"><img loading=\"lazy\" decoding=\"async\" width=\"420\" height=\"280\" src=\"https:\/\/amane.pl\/wp-content\/uploads\/2025\/05\/DSC06258-420x280.jpg\" class=\"attachment-woocommerce_thumbnail size-woocommerce_thumbnail\" alt=\"Olejek do cia\u0142a i k\u0105pieli Warm Vanilla\" srcset=\"https:\/\/amane.pl\/wp-content\/uploads\/2025\/05\/DSC06258-420x280.jpg 420w, https:\/\/amane.pl\/wp-content\/uploads\/2025\/05\/DSC06258-300x200.jpg 300w, https:\/\/amane.pl\/wp-content\/uploads\/2025\/05\/DSC06258-1024x683.jpg 1024w, https:\/\/amane.pl\/wp-content\/uploads\/2025\/05\/DSC06258-768x512.jpg 768w, https:\/\/amane.pl\/wp-content\/uploads\/2025\/05\/DSC06258-1536x1024.jpg 1536w, https:\/\/amane.pl\/wp-content\/uploads\/2025\/05\/DSC06258-1140x760.jpg 1140w, https:\/\/amane.pl\/wp-content\/uploads\/2025\/05\/DSC06258-920x614.jpg 920w, https:\/\/amane.pl\/wp-content\/uploads\/2025\/05\/DSC06258-575x383.jpg 575w, https:\/\/amane.pl\/wp-content\/uploads\/2025\/05\/DSC06258-380x253.jpg 380w, https:\/\/amane.pl\/wp-content\/uploads\/2025\/05\/DSC06258-800x534.jpg 800w, https:\/\/amane.pl\/wp-content\/uploads\/2025\/05\/DSC06258.jpg 1600w\" sizes=\"auto, (max-width: 420px) 100vw, 420px\" \/><h2 class=\"woocommerce-loop-product__title\">Olejek do cia\u0142a i k\u0105pieli Warm Vanilla<\/h2>\n\t<span class=\"price\"><span class=\"woocommerce-Price-amount amount\"><bdi>54,00&nbsp;<span class=\"woocommerce-Price-currencySymbol\">&#122;&#322;<\/span><\/bdi><\/span><\/span>\n<\/a><a href=\"\/index.php?rest_route=%2Fwp%2Fv2%2Fpages%2F15433&#038;add-to-cart=14774\" aria-describedby=\"woocommerce_loop_add_to_cart_link_describedby_14774\" data-quantity=\"1\" class=\"button product_type_simple add_to_cart_button ajax_add_to_cart\" data-product_id=\"14774\" data-product_sku=\"\" aria-label=\"Dodaj do koszyka: &bdquo;Olejek do cia\u0142a i k\u0105pieli Warm Vanilla&rdquo;\" rel=\"nofollow\" data-success_message=\"&ldquo;Olejek do cia\u0142a i k\u0105pieli Warm Vanilla&rdquo; zosta\u0142 dodany do twojego koszyka\" role=\"button\">Dodaj do koszyka<\/a>\t<span id=\"woocommerce_loop_add_to_cart_link_describedby_14774\" class=\"screen-reader-text\">\n\t\t\t<\/span>\n<\/li>\n<li class=\"product type-product post-13905 status-publish last instock product_cat-perfumowane-olejki product_cat-pielegnacja has-post-thumbnail shipping-taxable purchasable product-type-simple\">\n\t<a href=\"https:\/\/amane.pl\/?product=spatanist-olejek-do-ciala-i-kapieli\" class=\"woocommerce-LoopProduct-link woocommerce-loop-product__link\"><img loading=\"lazy\" decoding=\"async\" width=\"420\" height=\"277\" src=\"https:\/\/amane.pl\/wp-content\/uploads\/2024\/10\/DSC06005-e1747043774144-420x277.jpg\" class=\"attachment-woocommerce_thumbnail size-woocommerce_thumbnail\" alt=\"Olejek do cia\u0142a i k\u0105pieli Wine &amp; Blood\" srcset=\"https:\/\/amane.pl\/wp-content\/uploads\/2024\/10\/DSC06005-e1747043774144-420x277.jpg 420w, https:\/\/amane.pl\/wp-content\/uploads\/2024\/10\/DSC06005-e1747043774144-300x198.jpg 300w, https:\/\/amane.pl\/wp-content\/uploads\/2024\/10\/DSC06005-e1747043774144-1024x676.jpg 1024w, https:\/\/amane.pl\/wp-content\/uploads\/2024\/10\/DSC06005-e1747043774144-768x507.jpg 768w, https:\/\/amane.pl\/wp-content\/uploads\/2024\/10\/DSC06005-e1747043774144-1140x752.jpg 1140w, https:\/\/amane.pl\/wp-content\/uploads\/2024\/10\/DSC06005-e1747043774144-920x607.jpg 920w, https:\/\/amane.pl\/wp-content\/uploads\/2024\/10\/DSC06005-e1747043774144-575x380.jpg 575w, https:\/\/amane.pl\/wp-content\/uploads\/2024\/10\/DSC06005-e1747043774144-380x251.jpg 380w, https:\/\/amane.pl\/wp-content\/uploads\/2024\/10\/DSC06005-e1747043774144-800x528.jpg 800w, https:\/\/amane.pl\/wp-content\/uploads\/2024\/10\/DSC06005-e1747043774144.jpg 1500w\" sizes=\"auto, (max-width: 420px) 100vw, 420px\" \/><h2 class=\"woocommerce-loop-product__title\">Olejek do cia\u0142a i k\u0105pieli Wine &#038; Blood<\/h2><div class=\"star-rating\" role=\"img\" aria-label=\"Oceniono 5.00 na 5\"><span style=\"width:100%\">Oceniono <strong class=\"rating\">5.00<\/strong> na 5<\/span><\/div>\n\t<span class=\"price\"><span class=\"woocommerce-Price-amount amount\"><bdi>54,00&nbsp;<span class=\"woocommerce-Price-currencySymbol\">&#122;&#322;<\/span><\/bdi><\/span><\/span>\n<\/a><a href=\"\/index.php?rest_route=%2Fwp%2Fv2%2Fpages%2F15433&#038;add-to-cart=13905\" aria-describedby=\"woocommerce_loop_add_to_cart_link_describedby_13905\" data-quantity=\"1\" class=\"button product_type_simple add_to_cart_button ajax_add_to_cart\" data-product_id=\"13905\" data-product_sku=\"\" aria-label=\"Dodaj do koszyka: &bdquo;Olejek do cia\u0142a i k\u0105pieli Wine &amp; Blood&rdquo;\" rel=\"nofollow\" data-success_message=\"&ldquo;Olejek do cia\u0142a i k\u0105pieli Wine &amp; Blood&rdquo; zosta\u0142 dodany do twojego koszyka\" role=\"button\">Dodaj do koszyka<\/a>\t<span id=\"woocommerce_loop_add_to_cart_link_describedby_13905\" class=\"screen-reader-text\">\n\t\t\t<\/span>\n<\/li>\n<\/ul>\n<\/div>\n\n\n\n<p><\/p>\n","protected":false},"excerpt":{"rendered":"","protected":false},"author":1048,"featured_media":0,"parent":0,"menu_order":0,"comment_status":"closed","ping_status":"closed","template":"page.php","meta":{"_monsterinsights_skip_tracking":false,"_monsterinsights_sitenote_active":false,"_monsterinsights_sitenote_note":"","_monsterinsights_sitenote_category":0,"footnotes":""},"class_list":["post-15433","page","type-page","status-publish","hentry"],"_links":{"self":[{"href":"https:\/\/amane.pl\/index.php?rest_route=\/wp\/v2\/pages\/15433","targetHints":{"allow":["GET"]}}],"collection":[{"href":"https:\/\/amane.pl\/index.php?rest_route=\/wp\/v2\/pages"}],"about":[{"href":"https:\/\/amane.pl\/index.php?rest_route=\/wp\/v2\/types\/page"}],"author":[{"embeddable":true,"href":"https:\/\/amane.pl\/index.php?rest_route=\/wp\/v2\/users\/1048"}],"replies":[{"embeddable":true,"href":"https:\/\/amane.pl\/index.php?rest_route=%2Fwp%2Fv2%2Fcomments&post=15433"}],"version-history":[{"count":3,"href":"https:\/\/amane.pl\/index.php?rest_route=\/wp\/v2\/pages\/15433\/revisions"}],"predecessor-version":[{"id":15439,"href":"https:\/\/amane.pl\/index.php?rest_route=\/wp\/v2\/pages\/15433\/revisions\/15439"}],"wp:attachment":[{"href":"https:\/\/amane.pl\/index.php?rest_route=%2Fwp%2Fv2%2Fmedia&parent=15433"}],"curies":[{"name":"wp","href":"https:\/\/api.w.org\/{rel}","templated":true}]}}