{"id":14597,"date":"2025-02-19T12:27:09","date_gmt":"2025-02-19T12:27:09","guid":{"rendered":"https:\/\/amane.pl\/?post_type=product&#038;p=14597"},"modified":"2026-02-23T10:06:25","modified_gmt":"2026-02-23T10:06:25","slug":"mydlo-dark-rose","status":"publish","type":"product","link":"https:\/\/amane.pl\/?product=mydlo-dark-rose","title":{"rendered":"Dark rose"},"content":{"rendered":"<p><img loading=\"lazy\" decoding=\"async\" class=\"alignnone size-medium wp-image-14134\" src=\"https:\/\/amane.pl\/wp-content\/uploads\/2024\/10\/rekodzielo-1-e1727865941205-300x132.png\" alt=\"\" width=\"300\" height=\"132\" srcset=\"https:\/\/amane.pl\/wp-content\/uploads\/2024\/10\/rekodzielo-1-e1727865941205-300x132.png 300w, https:\/\/amane.pl\/wp-content\/uploads\/2024\/10\/rekodzielo-1-e1727865941205-420x185.png 420w, https:\/\/amane.pl\/wp-content\/uploads\/2024\/10\/rekodzielo-1-e1727865941205-380x167.png 380w, https:\/\/amane.pl\/wp-content\/uploads\/2024\/10\/rekodzielo-1-e1727865941205.png 500w\" sizes=\"auto, (max-width: 300px) 100vw, 300px\" \/><\/p>\n<p><strong>INCI<\/strong>:\u00a0<span class=\"OYPEnA font-feature-liga-off font-feature-clig-off font-feature-calt-off text-decoration-none text-strikethrough-none\">Aqua, Glycerin, Sodium Stearate, Propylene Glycol, Sorbitol, Sodium Laurate, Sodium Laureth Sulfate, Sodium Chloride, Sodium Lauryl Sulfate, Citric Acid, Sodium Citrate, Tetrasodium Iminodisuccinate, Tetrasodium Etidronate, Aroma, E151, Benzyl Salicylate, Citronellol, Linalool, Hydroxycitronellal.<\/span><\/p>\n<p><strong>Waga<\/strong>: 80 g.<\/p>\n<p><strong>Opakowanie<\/strong>: czarne, kartonowe obwi\u0105zane czarn\u0105 wst\u0105\u017ck\u0105<\/p>\n","protected":false},"excerpt":{"rendered":"<h4 id=\"tw-target-text\" class=\"tw-data-text tw-text-large tw-ta\" dir=\"ltr\" data-placeholder=\"T\u0142umaczenie\" data-ved=\"2ahUKEwiv5e3S3vqKAxW_IBAIHRiCGKQQ3ewLegQIChAU\" aria-label=\"Przet\u0142umaczony tekst: dark valentine's day\"><strong><span class=\"Y2IQFc\" lang=\"en\">dark rose for your goth girl<\/span><\/strong><\/h4>\n<p><img loading=\"lazy\" decoding=\"async\" class=\"alignnone wp-image-14587\" src=\"https:\/\/amane.pl\/wp-content\/uploads\/2025\/02\/Projekt-bez-nazwy-300x300.png\" alt=\"\" width=\"203\" height=\"203\" srcset=\"https:\/\/amane.pl\/wp-content\/uploads\/2025\/02\/Projekt-bez-nazwy-300x300.png 300w, https:\/\/amane.pl\/wp-content\/uploads\/2025\/02\/Projekt-bez-nazwy-420x420.png 420w, https:\/\/amane.pl\/wp-content\/uploads\/2025\/02\/Projekt-bez-nazwy-100x100.png 100w, https:\/\/amane.pl\/wp-content\/uploads\/2025\/02\/Projekt-bez-nazwy-150x150.png 150w, https:\/\/amane.pl\/wp-content\/uploads\/2025\/02\/Projekt-bez-nazwy.png 500w\" sizes=\"auto, (max-width: 203px) 100vw, 203px\" \/><\/p>\n<p><strong>myd\u0142o <em>dark rose<\/em><\/strong><\/p>\n<ul>\n<li>r\u0119cznie robione myd\u0142o glicerynowe 100%<\/li>\n<li>nawil\u017ca sk\u00f3r\u0119, pozostawia j\u0105 mi\u0119kk\u0105, bez osadu i uczucia \u015bci\u0105gni\u0119cia<\/li>\n<li>nietuzinkowa forma myd\u0142a<\/li>\n<li>pobudzaj\u0105cy, delikatnie s\u0142odki zapach z pikantnymi, iskrz\u0105cymi nutami.<\/li>\n<\/ul>\n<p>&nbsp;<\/p>\n<p>&nbsp;<\/p>\n","protected":false},"featured_media":14564,"comment_status":"open","ping_status":"closed","template":"","meta":{"_monsterinsights_skip_tracking":false,"_monsterinsights_sitenote_active":false,"_monsterinsights_sitenote_note":"","_monsterinsights_sitenote_category":0},"product_brand":[],"product_cat":[31],"product_tag":[],"class_list":{"0":"post-14597","1":"product","2":"type-product","3":"status-publish","4":"has-post-thumbnail","6":"product_cat-mydla","8":"first","9":"instock","10":"shipping-taxable","11":"purchasable","12":"product-type-simple"},"_links":{"self":[{"href":"https:\/\/amane.pl\/index.php?rest_route=\/wp\/v2\/product\/14597","targetHints":{"allow":["GET"]}}],"collection":[{"href":"https:\/\/amane.pl\/index.php?rest_route=\/wp\/v2\/product"}],"about":[{"href":"https:\/\/amane.pl\/index.php?rest_route=\/wp\/v2\/types\/product"}],"replies":[{"embeddable":true,"href":"https:\/\/amane.pl\/index.php?rest_route=%2Fwp%2Fv2%2Fcomments&post=14597"}],"wp:featuredmedia":[{"embeddable":true,"href":"https:\/\/amane.pl\/index.php?rest_route=\/wp\/v2\/media\/14564"}],"wp:attachment":[{"href":"https:\/\/amane.pl\/index.php?rest_route=%2Fwp%2Fv2%2Fmedia&parent=14597"}],"wp:term":[{"taxonomy":"product_brand","embeddable":true,"href":"https:\/\/amane.pl\/index.php?rest_route=%2Fwp%2Fv2%2Fproduct_brand&post=14597"},{"taxonomy":"product_cat","embeddable":true,"href":"https:\/\/amane.pl\/index.php?rest_route=%2Fwp%2Fv2%2Fproduct_cat&post=14597"},{"taxonomy":"product_tag","embeddable":true,"href":"https:\/\/amane.pl\/index.php?rest_route=%2Fwp%2Fv2%2Fproduct_tag&post=14597"}],"curies":[{"name":"wp","href":"https:\/\/api.w.org\/{rel}","templated":true}]}}