{"id":14729,"date":"2025-04-13T17:26:16","date_gmt":"2025-04-13T17:26:16","guid":{"rendered":"https:\/\/amane.pl\/?post_type=product&#038;p=14729"},"modified":"2025-09-02T20:39:43","modified_gmt":"2025-09-02T20:39:43","slug":"zestaw-bellatrix-kopia","status":"publish","type":"product","link":"https:\/\/amane.pl\/?product=zestaw-bellatrix-kopia","title":{"rendered":"Zestaw Witchcraft"},"content":{"rendered":"<p><img loading=\"lazy\" decoding=\"async\" class=\"alignnone size-medium wp-image-14134\" src=\"https:\/\/amane.pl\/wp-content\/uploads\/2024\/10\/rekodzielo-1-e1727865941205-300x132.png\" alt=\"\" width=\"300\" height=\"132\" srcset=\"https:\/\/amane.pl\/wp-content\/uploads\/2024\/10\/rekodzielo-1-e1727865941205-300x132.png 300w, https:\/\/amane.pl\/wp-content\/uploads\/2024\/10\/rekodzielo-1-e1727865941205-420x185.png 420w, https:\/\/amane.pl\/wp-content\/uploads\/2024\/10\/rekodzielo-1-e1727865941205-380x167.png 380w, https:\/\/amane.pl\/wp-content\/uploads\/2024\/10\/rekodzielo-1-e1727865941205.png 500w\" sizes=\"auto, (max-width: 300px) 100vw, 300px\" \/><\/p>\n<p><strong>Opakowanie<\/strong>: czarne, kartonowe<\/p>\n<p><strong>Wymiary<\/strong>: <a>23 x 20 x 7 cm.<\/a><\/p>\n<p>&nbsp;<\/p>\n","protected":false},"excerpt":{"rendered":"<p><b>Mistyczne wyroby zamkni\u0119te w pude\u0142ku&#8230;<\/b><\/p>\n<p><img loading=\"lazy\" decoding=\"async\" class=\"alignnone wp-image-14174\" src=\"https:\/\/amane.pl\/wp-content\/uploads\/2024\/10\/3-300x300.png\" alt=\"\" width=\"244\" height=\"244\" srcset=\"https:\/\/amane.pl\/wp-content\/uploads\/2024\/10\/3-300x300.png 300w, https:\/\/amane.pl\/wp-content\/uploads\/2024\/10\/3-420x420.png 420w, https:\/\/amane.pl\/wp-content\/uploads\/2024\/10\/3-100x100.png 100w, https:\/\/amane.pl\/wp-content\/uploads\/2024\/10\/3-150x150.png 150w, https:\/\/amane.pl\/wp-content\/uploads\/2024\/10\/3-380x380.png 380w, https:\/\/amane.pl\/wp-content\/uploads\/2024\/10\/3.png 500w\" sizes=\"auto, (max-width: 244px) 100vw, 244px\" \/><\/p>\n<p>W zestawie znajdziesz:<\/p>\n<ul>\n<li><a href=\"https:\/\/amane.pl\/?product=mystic-candle-salem\">sojow\u0105 \u015bwiece\u00a0Salem<\/a><\/li>\n<li>bia\u0142\u0105 sza\u0142wi\u0119 i palo santo &#8211; oczyszczaj\u0105ce, naturalne kadzid\u0142a<\/li>\n<\/ul>\n<p><strong>*<\/strong>kliknij w nazw\u0119 produktu, aby dowiedzie\u0107 si\u0119 wi\u0119cej.<\/p>\n<p>&nbsp;<\/p>\n","protected":false},"featured_media":14726,"comment_status":"open","ping_status":"closed","template":"","meta":{"_monsterinsights_skip_tracking":false,"_monsterinsights_sitenote_active":false,"_monsterinsights_sitenote_note":"","_monsterinsights_sitenote_category":0},"product_brand":[],"product_cat":[40],"product_tag":[],"class_list":{"0":"post-14729","1":"product","2":"type-product","3":"status-publish","4":"has-post-thumbnail","6":"product_cat-mistyczne-zestawy","8":"first","9":"instock","10":"shipping-taxable","11":"purchasable","12":"product-type-simple"},"_links":{"self":[{"href":"https:\/\/amane.pl\/index.php?rest_route=\/wp\/v2\/product\/14729","targetHints":{"allow":["GET"]}}],"collection":[{"href":"https:\/\/amane.pl\/index.php?rest_route=\/wp\/v2\/product"}],"about":[{"href":"https:\/\/amane.pl\/index.php?rest_route=\/wp\/v2\/types\/product"}],"replies":[{"embeddable":true,"href":"https:\/\/amane.pl\/index.php?rest_route=%2Fwp%2Fv2%2Fcomments&post=14729"}],"wp:featuredmedia":[{"embeddable":true,"href":"https:\/\/amane.pl\/index.php?rest_route=\/wp\/v2\/media\/14726"}],"wp:attachment":[{"href":"https:\/\/amane.pl\/index.php?rest_route=%2Fwp%2Fv2%2Fmedia&parent=14729"}],"wp:term":[{"taxonomy":"product_brand","embeddable":true,"href":"https:\/\/amane.pl\/index.php?rest_route=%2Fwp%2Fv2%2Fproduct_brand&post=14729"},{"taxonomy":"product_cat","embeddable":true,"href":"https:\/\/amane.pl\/index.php?rest_route=%2Fwp%2Fv2%2Fproduct_cat&post=14729"},{"taxonomy":"product_tag","embeddable":true,"href":"https:\/\/amane.pl\/index.php?rest_route=%2Fwp%2Fv2%2Fproduct_tag&post=14729"}],"curies":[{"name":"wp","href":"https:\/\/api.w.org\/{rel}","templated":true}]}}