{"id":14930,"date":"2025-08-27T12:08:56","date_gmt":"2025-08-27T12:08:56","guid":{"rendered":"https:\/\/amane.pl\/?post_type=product&#038;p=14930"},"modified":"2026-03-02T09:06:35","modified_gmt":"2026-03-02T09:06:35","slug":"wosk-do-masazu-ciala-ambre-mystra","status":"publish","type":"product","link":"https:\/\/amane.pl\/?product=wosk-do-masazu-ciala-ambre-mystra","title":{"rendered":"Wosk do masa\u017cu cia\u0142a Ambr\u00e8\u00a0Mystra"},"content":{"rendered":"<p><img loading=\"lazy\" decoding=\"async\" class=\"alignnone size-medium wp-image-14134\" src=\"https:\/\/amane.pl\/wp-content\/uploads\/2024\/10\/rekodzielo-1-e1727865941205-300x132.png\" alt=\"\" width=\"300\" height=\"132\" srcset=\"https:\/\/amane.pl\/wp-content\/uploads\/2024\/10\/rekodzielo-1-e1727865941205-300x132.png 300w, https:\/\/amane.pl\/wp-content\/uploads\/2024\/10\/rekodzielo-1-e1727865941205-420x185.png 420w, https:\/\/amane.pl\/wp-content\/uploads\/2024\/10\/rekodzielo-1-e1727865941205-380x167.png 380w, https:\/\/amane.pl\/wp-content\/uploads\/2024\/10\/rekodzielo-1-e1727865941205.png 500w\" sizes=\"auto, (max-width: 300px) 100vw, 300px\" \/><\/p>\n<p><strong>Pojemno\u015b\u0107<\/strong>: 50 g.<\/p>\n<p><strong>Opakowanie<\/strong>: plastik z recyklingu<\/p>\n<p><strong>INCI<\/strong>: <span class=\"OYPEnA font-feature-liga-off font-feature-clig-off font-feature-calt-off text-decoration-none text-strikethrough-none\">Aqua, Petrolatum, Glyceryl Stearate, Cetearyl Alcohol, Glycerin, Butyrosparmum Parkii <\/span><span class=\"OYPEnA font-feature-liga-off font-feature-clig-off font-feature-calt-off text-decoration-none text-strikethrough-none\">Butter, Ceteareth-20, Phenoxyethanol, Amber Extract, Dimethicone, Lanolin, Tocopheryl Acetate, Retinyl Acetate, Panthenol, Allantoin, Parfum, Benzyl Salicylate, Citronellol, Linalool, Hydroxycitronellal.<\/span><\/p>\n","protected":false},"excerpt":{"rendered":"<p><img loading=\"lazy\" decoding=\"async\" class=\"alignnone wp-image-13900\" src=\"https:\/\/amane.pl\/wp-content\/uploads\/2024\/10\/spatanist4-300x110.png\" alt=\"\" width=\"115\" height=\"42\" srcset=\"https:\/\/amane.pl\/wp-content\/uploads\/2024\/10\/spatanist4-300x110.png 300w, https:\/\/amane.pl\/wp-content\/uploads\/2024\/10\/spatanist4-420x153.png 420w, https:\/\/amane.pl\/wp-content\/uploads\/2024\/10\/spatanist4-800x292.png 800w, https:\/\/amane.pl\/wp-content\/uploads\/2024\/10\/spatanist4-1024x374.png 1024w, https:\/\/amane.pl\/wp-content\/uploads\/2024\/10\/spatanist4-768x280.png 768w, https:\/\/amane.pl\/wp-content\/uploads\/2024\/10\/spatanist4-1536x561.png 1536w, https:\/\/amane.pl\/wp-content\/uploads\/2024\/10\/spatanist4-2048x748.png 2048w, https:\/\/amane.pl\/wp-content\/uploads\/2024\/10\/spatanist4-1140x416.png 1140w, https:\/\/amane.pl\/wp-content\/uploads\/2024\/10\/spatanist4-920x336.png 920w, https:\/\/amane.pl\/wp-content\/uploads\/2024\/10\/spatanist4-575x210.png 575w, https:\/\/amane.pl\/wp-content\/uploads\/2024\/10\/spatanist4-380x139.png 380w\" sizes=\"auto, (max-width: 115px) 100vw, 115px\" \/> <img loading=\"lazy\" decoding=\"async\" class=\"alignnone wp-image-13901\" src=\"https:\/\/amane.pl\/wp-content\/uploads\/2024\/10\/spatanist2-300x296.png\" alt=\"\" width=\"54\" height=\"53\" srcset=\"https:\/\/amane.pl\/wp-content\/uploads\/2024\/10\/spatanist2-300x296.png 300w, https:\/\/amane.pl\/wp-content\/uploads\/2024\/10\/spatanist2-420x415.png 420w, https:\/\/amane.pl\/wp-content\/uploads\/2024\/10\/spatanist2-100x100.png 100w, https:\/\/amane.pl\/wp-content\/uploads\/2024\/10\/spatanist2-800x791.png 800w, https:\/\/amane.pl\/wp-content\/uploads\/2024\/10\/spatanist2-1024x1012.png 1024w, https:\/\/amane.pl\/wp-content\/uploads\/2024\/10\/spatanist2-150x150.png 150w, https:\/\/amane.pl\/wp-content\/uploads\/2024\/10\/spatanist2-768x759.png 768w, https:\/\/amane.pl\/wp-content\/uploads\/2024\/10\/spatanist2-1536x1518.png 1536w, https:\/\/amane.pl\/wp-content\/uploads\/2024\/10\/spatanist2-2048x2024.png 2048w, https:\/\/amane.pl\/wp-content\/uploads\/2024\/10\/spatanist2-1140x1127.png 1140w, https:\/\/amane.pl\/wp-content\/uploads\/2024\/10\/spatanist2-920x909.png 920w, https:\/\/amane.pl\/wp-content\/uploads\/2024\/10\/spatanist2-575x568.png 575w, https:\/\/amane.pl\/wp-content\/uploads\/2024\/10\/spatanist2-380x376.png 380w\" sizes=\"auto, (max-width: 54px) 100vw, 54px\" \/><\/p>\n<p><strong>Wosk na bazie mas\u0142a shea i oleju ze s\u0142odkich migda\u0142\u00f3w<\/strong><\/p>\n<p>Sprawdzi si\u0119 zar\u00f3wno do masa\u017cu cia\u0142a jak i do:<\/p>\n<ul>\n<li>otulenia przesuszonej sk\u00f3ry lub ko\u0144c\u00f3wek w\u0142os\u00f3w<\/li>\n<li>sp\u0119kanych ust<\/li>\n<li>uk\u0142adania brody<\/li>\n<\/ul>\n<p>Mo\u017ce r\u00f3wnie\u017c s\u0142u\u017cy\u0107 jako <strong>perfum<\/strong>.<\/p>\n<p><em>Wyj\u0105tkowo wydajne, t\u0142uste i otulaj\u0105ce.\u00a0<\/em><\/p>\n<p>Sk\u0142adniki:<\/p>\n<ul>\n<li>olej ze s\u0142odkich migda\u0142\u00f3w &#8211; ratunek dla bardzo przesuszonej sk\u00f3ry dojrza\u0142ej, problematycznej i z niedoskona\u0142o\u015bciami. Nawil\u017ca i zmi\u0119kcza sk\u00f3r\u0119 nadaj\u0105c jej m\u0142odzie\u0144czego blasku.<\/li>\n<\/ul>\n<ul>\n<li>mas\u0142o shea &#8211; organiczne mas\u0142o shea nat\u0142uszcza such\u0105 sk\u00f3r\u0119, chroni j\u0105 i \u0142agodzi podra\u017cnienia.<\/li>\n<\/ul>\n<p><strong>Zapach <em>Ambr\u00e8\u00a0<span class=\"il\">Mystra<\/span><\/em><\/strong><\/p>\n<p><span class=\"a_GcMg font-feature-liga-off font-feature-clig-off font-feature-calt-off text-decoration-none text-strikethrough-none\">Kompozycja orientalno-drzewna. To ciep\u0142y,<\/span> <span class=\"a_GcMg font-feature-liga-off font-feature-clig-off font-feature-calt-off text-decoration-none text-strikethrough-none\">g\u0142\u0119boki i delikatnie s\u0142odki zapach otoczony nutami dymnymi.<\/span><\/p>\n<p>&nbsp;<\/p>\n","protected":false},"featured_media":14931,"comment_status":"open","ping_status":"closed","template":"","meta":{"_monsterinsights_skip_tracking":false,"_monsterinsights_sitenote_active":false,"_monsterinsights_sitenote_note":"","_monsterinsights_sitenote_category":0},"product_brand":[],"product_cat":[17,118],"product_tag":[],"class_list":{"0":"post-14930","1":"product","2":"type-product","3":"status-publish","4":"has-post-thumbnail","6":"product_cat-pielegnacja","7":"product_cat-pozostale","9":"first","10":"instock","11":"shipping-taxable","12":"purchasable","13":"product-type-simple"},"_links":{"self":[{"href":"https:\/\/amane.pl\/index.php?rest_route=\/wp\/v2\/product\/14930","targetHints":{"allow":["GET"]}}],"collection":[{"href":"https:\/\/amane.pl\/index.php?rest_route=\/wp\/v2\/product"}],"about":[{"href":"https:\/\/amane.pl\/index.php?rest_route=\/wp\/v2\/types\/product"}],"replies":[{"embeddable":true,"href":"https:\/\/amane.pl\/index.php?rest_route=%2Fwp%2Fv2%2Fcomments&post=14930"}],"wp:featuredmedia":[{"embeddable":true,"href":"https:\/\/amane.pl\/index.php?rest_route=\/wp\/v2\/media\/14931"}],"wp:attachment":[{"href":"https:\/\/amane.pl\/index.php?rest_route=%2Fwp%2Fv2%2Fmedia&parent=14930"}],"wp:term":[{"taxonomy":"product_brand","embeddable":true,"href":"https:\/\/amane.pl\/index.php?rest_route=%2Fwp%2Fv2%2Fproduct_brand&post=14930"},{"taxonomy":"product_cat","embeddable":true,"href":"https:\/\/amane.pl\/index.php?rest_route=%2Fwp%2Fv2%2Fproduct_cat&post=14930"},{"taxonomy":"product_tag","embeddable":true,"href":"https:\/\/amane.pl\/index.php?rest_route=%2Fwp%2Fv2%2Fproduct_tag&post=14930"}],"curies":[{"name":"wp","href":"https:\/\/api.w.org\/{rel}","templated":true}]}}