{"id":14933,"date":"2025-08-27T12:11:15","date_gmt":"2025-08-27T12:11:15","guid":{"rendered":"https:\/\/amane.pl\/?post_type=product&#038;p=14933"},"modified":"2026-03-02T09:06:27","modified_gmt":"2026-03-02T09:06:27","slug":"balsam-do-dloni-i-ciala-ambre-mystra","status":"publish","type":"product","link":"https:\/\/amane.pl\/?product=balsam-do-dloni-i-ciala-ambre-mystra","title":{"rendered":"Balsam do d\u0142oni i cia\u0142a Ambr\u00e8\u00a0Mystra"},"content":{"rendered":"<p><img loading=\"lazy\" decoding=\"async\" class=\"alignnone size-medium wp-image-14134\" src=\"https:\/\/amane.pl\/wp-content\/uploads\/2024\/10\/rekodzielo-1-e1727865941205-300x132.png\" alt=\"\" width=\"300\" height=\"132\" srcset=\"https:\/\/amane.pl\/wp-content\/uploads\/2024\/10\/rekodzielo-1-e1727865941205-300x132.png 300w, https:\/\/amane.pl\/wp-content\/uploads\/2024\/10\/rekodzielo-1-e1727865941205-420x185.png 420w, https:\/\/amane.pl\/wp-content\/uploads\/2024\/10\/rekodzielo-1-e1727865941205-380x167.png 380w, https:\/\/amane.pl\/wp-content\/uploads\/2024\/10\/rekodzielo-1-e1727865941205.png 500w\" sizes=\"auto, (max-width: 300px) 100vw, 300px\" \/><\/p>\n<p><strong>Pojemno\u015b\u0107<\/strong>: 270 g.<\/p>\n<p><strong>Opakowanie<\/strong>: szk\u0142o<\/p>\n<p><strong>INCI<\/strong>: <span class=\"OYPEnA font-feature-liga-off font-feature-clig-off font-feature-calt-off text-decoration-none text-strikethrough-none\">Aqua, Petrolatum, Glyceryl Stearate, Cetearyl Alcohol, Glycerin, Butyrosparmum Parkii <\/span><span class=\"OYPEnA font-feature-liga-off font-feature-clig-off font-feature-calt-off text-decoration-none text-strikethrough-none\">Butter, Ceteareth-20, Phenoxyethanol, Amber Extract, Dimethicone, Lanolin, Tocopheryl Acetate, Retinyl Acetate, Panthenol, Allantoin, Parfum, Benzyl Salicylate, Citronellol, Linalool, Hydroxycitronellal.<\/span><\/p>\n","protected":false},"excerpt":{"rendered":"<p><img loading=\"lazy\" decoding=\"async\" class=\"alignnone wp-image-13900\" src=\"https:\/\/amane.pl\/wp-content\/uploads\/2024\/10\/spatanist4-300x110.png\" alt=\"\" width=\"115\" height=\"42\" srcset=\"https:\/\/amane.pl\/wp-content\/uploads\/2024\/10\/spatanist4-300x110.png 300w, https:\/\/amane.pl\/wp-content\/uploads\/2024\/10\/spatanist4-420x153.png 420w, https:\/\/amane.pl\/wp-content\/uploads\/2024\/10\/spatanist4-800x292.png 800w, https:\/\/amane.pl\/wp-content\/uploads\/2024\/10\/spatanist4-1024x374.png 1024w, https:\/\/amane.pl\/wp-content\/uploads\/2024\/10\/spatanist4-768x280.png 768w, https:\/\/amane.pl\/wp-content\/uploads\/2024\/10\/spatanist4-1536x561.png 1536w, https:\/\/amane.pl\/wp-content\/uploads\/2024\/10\/spatanist4-2048x748.png 2048w, https:\/\/amane.pl\/wp-content\/uploads\/2024\/10\/spatanist4-1140x416.png 1140w, https:\/\/amane.pl\/wp-content\/uploads\/2024\/10\/spatanist4-920x336.png 920w, https:\/\/amane.pl\/wp-content\/uploads\/2024\/10\/spatanist4-575x210.png 575w, https:\/\/amane.pl\/wp-content\/uploads\/2024\/10\/spatanist4-380x139.png 380w\" sizes=\"auto, (max-width: 115px) 100vw, 115px\" \/> <img loading=\"lazy\" decoding=\"async\" class=\"alignnone wp-image-13901\" src=\"https:\/\/amane.pl\/wp-content\/uploads\/2024\/10\/spatanist2-300x296.png\" alt=\"\" width=\"54\" height=\"53\" srcset=\"https:\/\/amane.pl\/wp-content\/uploads\/2024\/10\/spatanist2-300x296.png 300w, https:\/\/amane.pl\/wp-content\/uploads\/2024\/10\/spatanist2-420x415.png 420w, https:\/\/amane.pl\/wp-content\/uploads\/2024\/10\/spatanist2-100x100.png 100w, https:\/\/amane.pl\/wp-content\/uploads\/2024\/10\/spatanist2-800x791.png 800w, https:\/\/amane.pl\/wp-content\/uploads\/2024\/10\/spatanist2-1024x1012.png 1024w, https:\/\/amane.pl\/wp-content\/uploads\/2024\/10\/spatanist2-150x150.png 150w, https:\/\/amane.pl\/wp-content\/uploads\/2024\/10\/spatanist2-768x759.png 768w, https:\/\/amane.pl\/wp-content\/uploads\/2024\/10\/spatanist2-1536x1518.png 1536w, https:\/\/amane.pl\/wp-content\/uploads\/2024\/10\/spatanist2-2048x2024.png 2048w, https:\/\/amane.pl\/wp-content\/uploads\/2024\/10\/spatanist2-1140x1127.png 1140w, https:\/\/amane.pl\/wp-content\/uploads\/2024\/10\/spatanist2-920x909.png 920w, https:\/\/amane.pl\/wp-content\/uploads\/2024\/10\/spatanist2-575x568.png 575w, https:\/\/amane.pl\/wp-content\/uploads\/2024\/10\/spatanist2-380x376.png 380w\" sizes=\"auto, (max-width: 54px) 100vw, 54px\" \/><\/p>\n<p><strong>Balsam do d\u0142oni i cia\u0142a<\/strong><\/p>\n<ul>\n<li>lekka konsystencja &#8211; balsam na bazie \u015bmietanki kosmetycznej szybko si\u0119 wch\u0142ania nie pozostawiaj\u0105c t\u0142ustego filmu na sk\u00f3rze<\/li>\n<li>dodatek ekstraktu z kryszta\u0142\u00f3w bursztynu &#8211; naturalny ekstrakt wykorzystywany w kosmetyce poprawia stan sk\u00f3ry zm\u0119czonej, przesuszonej, wymagaj\u0105cej rewitalizacji. Wp\u0142ywa na nawil\u017cenie sk\u00f3ry, zwi\u0119ksza jej j\u0119drno\u015b\u0107 i elastyczno\u015b\u0107<\/li>\n<li>dodatek mas\u0142a shea &#8211; organiczne mas\u0142o shea delikatnie nat\u0142uszcza such\u0105 sk\u00f3r\u0119, chroni j\u0105 i \u0142agodzi podra\u017cnienia<\/li>\n<li>dodatek witaminy E &#8211; naturalny konserwant poprawiaj\u0105cy j\u0119drno\u015b\u0107 i struktur\u0119 sk\u00f3ry. Wspiera dzia\u0142anie warstwy hydrolipidowej sk\u00f3ry, kt\u00f3ra chroni przed szkodliwymi czynnikami zewn\u0119trznymi.<\/li>\n<\/ul>\n<p><strong>Zapach <em>Ambr\u00e8\u00a0Mystra<\/em><\/strong><\/p>\n<p><span class=\"a_GcMg font-feature-liga-off font-feature-clig-off font-feature-calt-off text-decoration-none text-strikethrough-none\">Kompozycja orientalno-drzewna. To ciep\u0142y,<\/span> <span class=\"a_GcMg font-feature-liga-off font-feature-clig-off font-feature-calt-off text-decoration-none text-strikethrough-none\">g\u0142\u0119boki i delikatnie s\u0142odki zapach otoczony nutami dymnymi.<\/span><\/p>\n<p>&nbsp;<\/p>\n","protected":false},"featured_media":14934,"comment_status":"open","ping_status":"closed","template":"","meta":{"_monsterinsights_skip_tracking":false,"_monsterinsights_sitenote_active":false,"_monsterinsights_sitenote_note":"","_monsterinsights_sitenote_category":0},"product_brand":[],"product_cat":[17,118],"product_tag":[],"class_list":{"0":"post-14933","1":"product","2":"type-product","3":"status-publish","4":"has-post-thumbnail","6":"product_cat-pielegnacja","7":"product_cat-pozostale","9":"first","10":"instock","11":"shipping-taxable","12":"purchasable","13":"product-type-simple"},"_links":{"self":[{"href":"https:\/\/amane.pl\/index.php?rest_route=\/wp\/v2\/product\/14933","targetHints":{"allow":["GET"]}}],"collection":[{"href":"https:\/\/amane.pl\/index.php?rest_route=\/wp\/v2\/product"}],"about":[{"href":"https:\/\/amane.pl\/index.php?rest_route=\/wp\/v2\/types\/product"}],"replies":[{"embeddable":true,"href":"https:\/\/amane.pl\/index.php?rest_route=%2Fwp%2Fv2%2Fcomments&post=14933"}],"wp:featuredmedia":[{"embeddable":true,"href":"https:\/\/amane.pl\/index.php?rest_route=\/wp\/v2\/media\/14934"}],"wp:attachment":[{"href":"https:\/\/amane.pl\/index.php?rest_route=%2Fwp%2Fv2%2Fmedia&parent=14933"}],"wp:term":[{"taxonomy":"product_brand","embeddable":true,"href":"https:\/\/amane.pl\/index.php?rest_route=%2Fwp%2Fv2%2Fproduct_brand&post=14933"},{"taxonomy":"product_cat","embeddable":true,"href":"https:\/\/amane.pl\/index.php?rest_route=%2Fwp%2Fv2%2Fproduct_cat&post=14933"},{"taxonomy":"product_tag","embeddable":true,"href":"https:\/\/amane.pl\/index.php?rest_route=%2Fwp%2Fv2%2Fproduct_tag&post=14933"}],"curies":[{"name":"wp","href":"https:\/\/api.w.org\/{rel}","templated":true}]}}