{"id":14941,"date":"2025-08-27T12:17:32","date_gmt":"2025-08-27T12:17:32","guid":{"rendered":"https:\/\/amane.pl\/?post_type=product&#038;p=14941"},"modified":"2025-11-11T23:53:00","modified_gmt":"2025-11-11T23:53:00","slug":"ambre-mystra","status":"publish","type":"product","link":"https:\/\/amane.pl\/?product=ambre-mystra","title":{"rendered":"Ambr\u00e8\u00a0Mystra"},"content":{"rendered":"<p><img loading=\"lazy\" decoding=\"async\" class=\"alignnone size-medium wp-image-14134\" src=\"https:\/\/amane.pl\/wp-content\/uploads\/2024\/10\/rekodzielo-1-e1727865941205-300x132.png\" alt=\"\" width=\"300\" height=\"132\" srcset=\"https:\/\/amane.pl\/wp-content\/uploads\/2024\/10\/rekodzielo-1-e1727865941205-300x132.png 300w, https:\/\/amane.pl\/wp-content\/uploads\/2024\/10\/rekodzielo-1-e1727865941205-420x185.png 420w, https:\/\/amane.pl\/wp-content\/uploads\/2024\/10\/rekodzielo-1-e1727865941205-380x167.png 380w, https:\/\/amane.pl\/wp-content\/uploads\/2024\/10\/rekodzielo-1-e1727865941205.png 500w\" sizes=\"auto, (max-width: 300px) 100vw, 300px\" \/><\/p>\n<p><strong>INCI<\/strong>:\u00a0<span class=\"OYPEnA font-feature-liga-off font-feature-clig-off font-feature-calt-off text-decoration-none text-strikethrough-none\">Aqua, Glycerin, Sodium Stearate, Propylene Glycol, Sorbitol, Sodium Laurate, Sodium Laureth Sulfate, Sodium Chloride, Sodium Lauryl Sulfate, Citric Acid, Sodium Citrate, Tetrasodium Iminodisuccinate, Tetrasodium Etidronate, Amber Extract, Sodium Benzoate, Potassium Sorbate, Parfum, CI 77891, CI19140, CI 15985, Tetramethyl Acetyloctahydronaphtalenes, Hexamethylindanopyran, Limonene, Trimethylbenzenepropanol, Linalool, Linalyl Acetate, Pinene, Coumarin, Geraniol, Hexyl Cinnamal.<\/span><\/p>\n<p><strong>Waga<\/strong>: 80 g.<\/p>\n<p><strong>Opakowanie<\/strong>: czarne kartonowe<\/p>\n","protected":false},"excerpt":{"rendered":"<p><strong><em>Ambr\u00e8\u00a0<span class=\"il\">Mystra\u00a0<\/span><\/em><\/strong><span class=\"il\">&#8211; bursztynowe myd\u0142o<\/span><\/p>\n<p><em>Bursztyn znany jest ze swoich nawil\u017caj\u0105cych i regeneruj\u0105cych w\u0142a\u015bciwo\u015bci, wykorzystywany w kosmetyce wykazuje w\u0142a\u015bciwo\u015bci \u00a0energetyzuj\u0105ce, bakteriob\u00f3jcze i antyoksydacyjne.<\/em><\/p>\n<ul>\n<li>myd\u0142o glicerynowe z ekstraktem z bursztynu<\/li>\n<li>nawil\u017ca sk\u00f3r\u0119, nie pozostawia osadu i uczucia \u015bci\u0105gni\u0119cia<\/li>\n<li>g\u0142\u0119boko od\u017cywia<\/li>\n<li><span class=\"a_GcMg font-feature-liga-off font-feature-clig-off font-feature-calt-off text-decoration-none text-strikethrough-none\">ciep\u0142y,<\/span> <span class=\"a_GcMg font-feature-liga-off font-feature-clig-off font-feature-calt-off text-decoration-none text-strikethrough-none\">g\u0142\u0119boki i delikatnie s\u0142odki zapach otoczony nutami dymnymi<\/span><\/li>\n<\/ul>\n<p>&nbsp;<\/p>\n","protected":false},"featured_media":14942,"comment_status":"open","ping_status":"closed","template":"","meta":{"_monsterinsights_skip_tracking":false,"_monsterinsights_sitenote_active":false,"_monsterinsights_sitenote_note":"","_monsterinsights_sitenote_category":0},"product_brand":[],"product_cat":[31],"product_tag":[],"class_list":{"0":"post-14941","1":"product","2":"type-product","3":"status-publish","4":"has-post-thumbnail","6":"product_cat-mydla","8":"first","9":"instock","10":"shipping-taxable","11":"purchasable","12":"product-type-simple"},"_links":{"self":[{"href":"https:\/\/amane.pl\/index.php?rest_route=\/wp\/v2\/product\/14941","targetHints":{"allow":["GET"]}}],"collection":[{"href":"https:\/\/amane.pl\/index.php?rest_route=\/wp\/v2\/product"}],"about":[{"href":"https:\/\/amane.pl\/index.php?rest_route=\/wp\/v2\/types\/product"}],"replies":[{"embeddable":true,"href":"https:\/\/amane.pl\/index.php?rest_route=%2Fwp%2Fv2%2Fcomments&post=14941"}],"wp:featuredmedia":[{"embeddable":true,"href":"https:\/\/amane.pl\/index.php?rest_route=\/wp\/v2\/media\/14942"}],"wp:attachment":[{"href":"https:\/\/amane.pl\/index.php?rest_route=%2Fwp%2Fv2%2Fmedia&parent=14941"}],"wp:term":[{"taxonomy":"product_brand","embeddable":true,"href":"https:\/\/amane.pl\/index.php?rest_route=%2Fwp%2Fv2%2Fproduct_brand&post=14941"},{"taxonomy":"product_cat","embeddable":true,"href":"https:\/\/amane.pl\/index.php?rest_route=%2Fwp%2Fv2%2Fproduct_cat&post=14941"},{"taxonomy":"product_tag","embeddable":true,"href":"https:\/\/amane.pl\/index.php?rest_route=%2Fwp%2Fv2%2Fproduct_tag&post=14941"}],"curies":[{"name":"wp","href":"https:\/\/api.w.org\/{rel}","templated":true}]}}