{"id":15073,"date":"2025-09-20T18:32:49","date_gmt":"2025-09-20T18:32:49","guid":{"rendered":"https:\/\/amane.pl\/?post_type=product&#038;p=15073"},"modified":"2025-11-11T23:49:47","modified_gmt":"2025-11-11T23:49:47","slug":"mystic-candle-palo-santo","status":"publish","type":"product","link":"https:\/\/amane.pl\/?product=mystic-candle-palo-santo","title":{"rendered":"Mystic Candle Palo Santo"},"content":{"rendered":"<p><img loading=\"lazy\" decoding=\"async\" class=\"alignnone size-medium wp-image-14134\" src=\"https:\/\/amane.pl\/wp-content\/uploads\/2024\/10\/rekodzielo-1-e1727865941205-300x132.png\" alt=\"\" width=\"300\" height=\"132\" srcset=\"https:\/\/amane.pl\/wp-content\/uploads\/2024\/10\/rekodzielo-1-e1727865941205-300x132.png 300w, https:\/\/amane.pl\/wp-content\/uploads\/2024\/10\/rekodzielo-1-e1727865941205-420x185.png 420w, https:\/\/amane.pl\/wp-content\/uploads\/2024\/10\/rekodzielo-1-e1727865941205-380x167.png 380w, https:\/\/amane.pl\/wp-content\/uploads\/2024\/10\/rekodzielo-1-e1727865941205.png 500w\" sizes=\"auto, (max-width: 300px) 100vw, 300px\" \/><\/p>\n<p><strong>Pojemno\u015b\u0107<\/strong>: 250 g.<\/p>\n<p><strong>Opakowanie<\/strong>: szk\u0142o<\/p>\n<p><span class=\"OYPEnA font-feature-liga-off font-feature-clig-off font-feature-calt-off text-decoration-none text-strikethrough-none\"><strong>Zawiera<\/strong>: Linalool, d-Limonene, Benzyl benzoate, Eugenol\u00a0<\/span><\/p>\n","protected":false},"excerpt":{"rendered":"<p><img loading=\"lazy\" decoding=\"async\" class=\"alignnone wp-image-14068\" src=\"https:\/\/amane.pl\/wp-content\/uploads\/2024\/10\/Projekt-bez-nazwy-11-e1727856003725-300x128.png\" alt=\"\" width=\"234\" height=\"100\" srcset=\"https:\/\/amane.pl\/wp-content\/uploads\/2024\/10\/Projekt-bez-nazwy-11-e1727856003725-300x128.png 300w, https:\/\/amane.pl\/wp-content\/uploads\/2024\/10\/Projekt-bez-nazwy-11-e1727856003725-420x180.png 420w, https:\/\/amane.pl\/wp-content\/uploads\/2024\/10\/Projekt-bez-nazwy-11-e1727856003725-380x163.png 380w, https:\/\/amane.pl\/wp-content\/uploads\/2024\/10\/Projekt-bez-nazwy-11-e1727856003725.png 500w\" sizes=\"auto, (max-width: 234px) 100vw, 234px\" \/><\/p>\n<p><strong>\u015awieca sojowa <em>Palo Santo<\/em><\/strong><\/p>\n<ul>\n<li>wosk sojowy \u2013 charakteryzuje si\u0119 zdecydowanie d\u0142u\u017cszym czasem palenia oraz ni\u017csz\u0105 temperatur\u0105 topnienia.<strong>\u00a0<\/strong>Jest biodegradowalny, nie zawiera syntetycznych dodatk\u00f3w oraz\u00a0 nie wytwarza szkodliwych toksyn.<\/li>\n<li>drewniany knot, kt\u00f3ry \u201cskwierczy\u201d podczas palenia przypominaj\u0105c odg\u0142osy palonego drewna w kominku,<\/li>\n<li>\u0142\u0105czny czas palenia<strong> to ok. 40 h. <\/strong>Przy pierwszym odpaleniu pozostaw p\u0142omie\u0144 do momentu wypalenia ca\u0142ej g\u00f3rnej warstwy wosku \u2013 unikniesz tym samym powstawaniu tzw. \u201etunelu\u201d, a \u015bwieca b\u0119dzie wypala\u0107 si\u0119 prawid\u0142owo do samego ko\u0144ca<\/li>\n<\/ul>\n<p><em><strong>O zapachu\u2026<\/strong><\/em><\/p>\n<p>Intensywnie kadzidlany aromat palo santo \u0142\u0105cz\u0105cy w sobie dymne i korzenno-le\u015bne nuty z delikatnie orze\u017awiaj\u0105c\u0105 s\u0142odycz\u0105.<\/p>\n<p><img loading=\"lazy\" decoding=\"async\" class=\"alignnone size-medium wp-image-14067\" src=\"https:\/\/amane.pl\/wp-content\/uploads\/2024\/10\/Projekt-bez-nazwy-12-e1727856027429-300x73.png\" alt=\"\" width=\"300\" height=\"73\" srcset=\"https:\/\/amane.pl\/wp-content\/uploads\/2024\/10\/Projekt-bez-nazwy-12-e1727856027429-300x73.png 300w, https:\/\/amane.pl\/wp-content\/uploads\/2024\/10\/Projekt-bez-nazwy-12-e1727856027429-420x102.png 420w, https:\/\/amane.pl\/wp-content\/uploads\/2024\/10\/Projekt-bez-nazwy-12-e1727856027429-380x92.png 380w, https:\/\/amane.pl\/wp-content\/uploads\/2024\/10\/Projekt-bez-nazwy-12-e1727856027429.png 500w\" sizes=\"auto, (max-width: 300px) 100vw, 300px\" \/><\/p>\n","protected":false},"featured_media":15074,"comment_status":"open","ping_status":"closed","template":"","meta":{"_monsterinsights_skip_tracking":false,"_monsterinsights_sitenote_active":false,"_monsterinsights_sitenote_note":"","_monsterinsights_sitenote_category":0},"product_brand":[],"product_cat":[110,33],"product_tag":[],"class_list":{"0":"post-15073","1":"product","2":"type-product","3":"status-publish","4":"has-post-thumbnail","6":"product_cat-mystic-candle","7":"product_cat-swiece-i-aromaterapia","9":"first","10":"instock","11":"shipping-taxable","12":"purchasable","13":"product-type-simple"},"_links":{"self":[{"href":"https:\/\/amane.pl\/index.php?rest_route=\/wp\/v2\/product\/15073","targetHints":{"allow":["GET"]}}],"collection":[{"href":"https:\/\/amane.pl\/index.php?rest_route=\/wp\/v2\/product"}],"about":[{"href":"https:\/\/amane.pl\/index.php?rest_route=\/wp\/v2\/types\/product"}],"replies":[{"embeddable":true,"href":"https:\/\/amane.pl\/index.php?rest_route=%2Fwp%2Fv2%2Fcomments&post=15073"}],"wp:featuredmedia":[{"embeddable":true,"href":"https:\/\/amane.pl\/index.php?rest_route=\/wp\/v2\/media\/15074"}],"wp:attachment":[{"href":"https:\/\/amane.pl\/index.php?rest_route=%2Fwp%2Fv2%2Fmedia&parent=15073"}],"wp:term":[{"taxonomy":"product_brand","embeddable":true,"href":"https:\/\/amane.pl\/index.php?rest_route=%2Fwp%2Fv2%2Fproduct_brand&post=15073"},{"taxonomy":"product_cat","embeddable":true,"href":"https:\/\/amane.pl\/index.php?rest_route=%2Fwp%2Fv2%2Fproduct_cat&post=15073"},{"taxonomy":"product_tag","embeddable":true,"href":"https:\/\/amane.pl\/index.php?rest_route=%2Fwp%2Fv2%2Fproduct_tag&post=15073"}],"curies":[{"name":"wp","href":"https:\/\/api.w.org\/{rel}","templated":true}]}}