{"id":15151,"date":"2025-10-22T17:02:41","date_gmt":"2025-10-22T17:02:41","guid":{"rendered":"https:\/\/amane.pl\/?post_type=product&#038;p=15151"},"modified":"2025-11-11T23:48:31","modified_gmt":"2025-11-11T23:48:31","slug":"sojowy-wosk-zapachowy-palo-santo","status":"publish","type":"product","link":"https:\/\/amane.pl\/?product=sojowy-wosk-zapachowy-palo-santo","title":{"rendered":"Sojowy wosk zapachowy Palo Santo"},"content":{"rendered":"<p><img loading=\"lazy\" decoding=\"async\" class=\"alignnone size-medium wp-image-14134\" src=\"https:\/\/amane.pl\/wp-content\/uploads\/2024\/10\/rekodzielo-1-e1727865941205-300x132.png\" alt=\"\" width=\"300\" height=\"132\" srcset=\"https:\/\/amane.pl\/wp-content\/uploads\/2024\/10\/rekodzielo-1-e1727865941205-300x132.png 300w, https:\/\/amane.pl\/wp-content\/uploads\/2024\/10\/rekodzielo-1-e1727865941205-420x185.png 420w, https:\/\/amane.pl\/wp-content\/uploads\/2024\/10\/rekodzielo-1-e1727865941205-380x167.png 380w, https:\/\/amane.pl\/wp-content\/uploads\/2024\/10\/rekodzielo-1-e1727865941205.png 500w\" sizes=\"auto, (max-width: 300px) 100vw, 300px\" \/><\/p>\n<p><strong>Pojemno\u015b\u0107<\/strong>: 35 g.<\/p>\n<p><span class=\"OYPEnA font-feature-liga-off font-feature-clig-off font-feature-calt-off text-decoration-none text-strikethrough-none\"><strong>Zawiera<\/strong>: Benzyl Salicylate, Citronellol, Linalool, Hydroxycitronellal, Coumarin, Benzyl Benzoate, Geraniol<\/span><\/p>\n","protected":false},"excerpt":{"rendered":"<p><img loading=\"lazy\" decoding=\"async\" class=\"alignnone wp-image-13900\" src=\"https:\/\/amane.pl\/wp-content\/uploads\/2024\/10\/spatanist4-300x110.png\" alt=\"\" width=\"169\" height=\"62\" srcset=\"https:\/\/amane.pl\/wp-content\/uploads\/2024\/10\/spatanist4-300x110.png 300w, https:\/\/amane.pl\/wp-content\/uploads\/2024\/10\/spatanist4-420x153.png 420w, https:\/\/amane.pl\/wp-content\/uploads\/2024\/10\/spatanist4-800x292.png 800w, https:\/\/amane.pl\/wp-content\/uploads\/2024\/10\/spatanist4-1024x374.png 1024w, https:\/\/amane.pl\/wp-content\/uploads\/2024\/10\/spatanist4-768x280.png 768w, https:\/\/amane.pl\/wp-content\/uploads\/2024\/10\/spatanist4-1536x561.png 1536w, https:\/\/amane.pl\/wp-content\/uploads\/2024\/10\/spatanist4-2048x748.png 2048w, https:\/\/amane.pl\/wp-content\/uploads\/2024\/10\/spatanist4-1140x416.png 1140w, https:\/\/amane.pl\/wp-content\/uploads\/2024\/10\/spatanist4-920x336.png 920w, https:\/\/amane.pl\/wp-content\/uploads\/2024\/10\/spatanist4-575x210.png 575w, https:\/\/amane.pl\/wp-content\/uploads\/2024\/10\/spatanist4-380x139.png 380w\" sizes=\"auto, (max-width: 169px) 100vw, 169px\" \/> <img loading=\"lazy\" decoding=\"async\" class=\"alignnone wp-image-13901\" src=\"https:\/\/amane.pl\/wp-content\/uploads\/2024\/10\/spatanist2-300x296.png\" alt=\"\" width=\"112\" height=\"111\" srcset=\"https:\/\/amane.pl\/wp-content\/uploads\/2024\/10\/spatanist2-300x296.png 300w, https:\/\/amane.pl\/wp-content\/uploads\/2024\/10\/spatanist2-420x415.png 420w, https:\/\/amane.pl\/wp-content\/uploads\/2024\/10\/spatanist2-100x100.png 100w, https:\/\/amane.pl\/wp-content\/uploads\/2024\/10\/spatanist2-800x791.png 800w, https:\/\/amane.pl\/wp-content\/uploads\/2024\/10\/spatanist2-1024x1012.png 1024w, https:\/\/amane.pl\/wp-content\/uploads\/2024\/10\/spatanist2-150x150.png 150w, https:\/\/amane.pl\/wp-content\/uploads\/2024\/10\/spatanist2-768x759.png 768w, https:\/\/amane.pl\/wp-content\/uploads\/2024\/10\/spatanist2-1536x1518.png 1536w, https:\/\/amane.pl\/wp-content\/uploads\/2024\/10\/spatanist2-2048x2024.png 2048w, https:\/\/amane.pl\/wp-content\/uploads\/2024\/10\/spatanist2-1140x1127.png 1140w, https:\/\/amane.pl\/wp-content\/uploads\/2024\/10\/spatanist2-920x909.png 920w, https:\/\/amane.pl\/wp-content\/uploads\/2024\/10\/spatanist2-575x568.png 575w, https:\/\/amane.pl\/wp-content\/uploads\/2024\/10\/spatanist2-380x376.png 380w\" sizes=\"auto, (max-width: 112px) 100vw, 112px\" \/><\/p>\n<p><b>Sojowy wosk zapachowy <em>Palo Santo<\/em><\/b><\/p>\n<ul>\n<li>wosk sojowy &#8211; charakteryzuje si\u0119 zdecydowanie d\u0142u\u017cszym czasem palenia oraz ni\u017csz\u0105 temperatur\u0105 topnienia.<strong>\u00a0<\/strong>Jest biodegradowalny, nie zawiera syntetycznych dodatk\u00f3w oraz\u00a0 nie wytwarza szkodliwych toksyn.<\/li>\n<li>ok. 35 g. wosku &#8211; to wiele godzin intensywnego zapachu!<\/li>\n<li>intensywno\u015b\u0107 zapachu mo\u017cesz dozowa\u0107 dodaj\u0105c lub odejmuj\u0105c wosku<\/li>\n<li>opakowanie zip-lock, dzi\u0119ki kt\u00f3remu wosk nie wywietrzeje<\/li>\n<li><strong>zapach<\/strong> &#8211; intensywnie kadzidlany aromat palo santo \u0142\u0105cz\u0105cy w sobie dymne i korzenno-le\u015bne nuty z delikatnie orze\u017awiaj\u0105c\u0105 s\u0142odycz\u0105.<\/li>\n<\/ul>\n<p>&nbsp;<\/p>\n","protected":false},"featured_media":15152,"comment_status":"open","ping_status":"closed","template":"","meta":{"_monsterinsights_skip_tracking":false,"_monsterinsights_sitenote_active":false,"_monsterinsights_sitenote_note":"","_monsterinsights_sitenote_category":0},"product_brand":[],"product_cat":[108,33],"product_tag":[],"class_list":{"0":"post-15151","1":"product","2":"type-product","3":"status-publish","4":"has-post-thumbnail","6":"product_cat-sojowe-woski-zapachowe","7":"product_cat-swiece-i-aromaterapia","9":"first","10":"instock","11":"shipping-taxable","12":"purchasable","13":"product-type-simple"},"_links":{"self":[{"href":"https:\/\/amane.pl\/index.php?rest_route=\/wp\/v2\/product\/15151","targetHints":{"allow":["GET"]}}],"collection":[{"href":"https:\/\/amane.pl\/index.php?rest_route=\/wp\/v2\/product"}],"about":[{"href":"https:\/\/amane.pl\/index.php?rest_route=\/wp\/v2\/types\/product"}],"replies":[{"embeddable":true,"href":"https:\/\/amane.pl\/index.php?rest_route=%2Fwp%2Fv2%2Fcomments&post=15151"}],"wp:featuredmedia":[{"embeddable":true,"href":"https:\/\/amane.pl\/index.php?rest_route=\/wp\/v2\/media\/15152"}],"wp:attachment":[{"href":"https:\/\/amane.pl\/index.php?rest_route=%2Fwp%2Fv2%2Fmedia&parent=15151"}],"wp:term":[{"taxonomy":"product_brand","embeddable":true,"href":"https:\/\/amane.pl\/index.php?rest_route=%2Fwp%2Fv2%2Fproduct_brand&post=15151"},{"taxonomy":"product_cat","embeddable":true,"href":"https:\/\/amane.pl\/index.php?rest_route=%2Fwp%2Fv2%2Fproduct_cat&post=15151"},{"taxonomy":"product_tag","embeddable":true,"href":"https:\/\/amane.pl\/index.php?rest_route=%2Fwp%2Fv2%2Fproduct_tag&post=15151"}],"curies":[{"name":"wp","href":"https:\/\/api.w.org\/{rel}","templated":true}]}}