{"id":15249,"date":"2025-11-15T16:01:54","date_gmt":"2025-11-15T16:01:54","guid":{"rendered":"https:\/\/amane.pl\/?post_type=product&#038;p=15249"},"modified":"2025-11-15T16:21:48","modified_gmt":"2025-11-15T16:21:48","slug":"zestaw-gothmass-soaps","status":"publish","type":"product","link":"https:\/\/amane.pl\/?product=zestaw-gothmass-soaps","title":{"rendered":"Zestaw Gothmas Soaps"},"content":{"rendered":"<p><img loading=\"lazy\" decoding=\"async\" class=\"alignnone size-medium wp-image-14134\" src=\"https:\/\/amane.pl\/wp-content\/uploads\/2024\/10\/rekodzielo-1-e1727865941205-300x132.png\" alt=\"\" width=\"300\" height=\"132\" srcset=\"https:\/\/amane.pl\/wp-content\/uploads\/2024\/10\/rekodzielo-1-e1727865941205-300x132.png 300w, https:\/\/amane.pl\/wp-content\/uploads\/2024\/10\/rekodzielo-1-e1727865941205-420x185.png 420w, https:\/\/amane.pl\/wp-content\/uploads\/2024\/10\/rekodzielo-1-e1727865941205-380x167.png 380w, https:\/\/amane.pl\/wp-content\/uploads\/2024\/10\/rekodzielo-1-e1727865941205.png 500w\" sizes=\"auto, (max-width: 300px) 100vw, 300px\" \/><\/p>\n<p><strong>Opakowanie<\/strong>: czarne, kartonowe<\/p>\n<p><strong>Wymiary<\/strong>: <a>20 x 13 x 4 cm.<\/a><\/p>\n<p>&nbsp;<\/p>\n","protected":false},"excerpt":{"rendered":"<p><b>Mroczne \u015bwi\u0119ta zamkni\u0119te w pude\u0142ku&#8230;<\/b><\/p>\n<p><img loading=\"lazy\" decoding=\"async\" class=\"alignnone wp-image-14174\" src=\"https:\/\/amane.pl\/wp-content\/uploads\/2024\/10\/3-300x300.png\" alt=\"\" width=\"244\" height=\"244\" srcset=\"https:\/\/amane.pl\/wp-content\/uploads\/2024\/10\/3-300x300.png 300w, https:\/\/amane.pl\/wp-content\/uploads\/2024\/10\/3-420x420.png 420w, https:\/\/amane.pl\/wp-content\/uploads\/2024\/10\/3-100x100.png 100w, https:\/\/amane.pl\/wp-content\/uploads\/2024\/10\/3-150x150.png 150w, https:\/\/amane.pl\/wp-content\/uploads\/2024\/10\/3-380x380.png 380w, https:\/\/amane.pl\/wp-content\/uploads\/2024\/10\/3.png 500w\" sizes=\"auto, (max-width: 244px) 100vw, 244px\" \/><\/p>\n<p>W zestawie znajdziesz dwa r\u0119cznie wyrabiane myd\u0142a.<\/p>\n<ul>\n<li>r\u0119cznie robione myd\u0142o glicerynowe 100%<\/li>\n<li>nawil\u017ca sk\u00f3r\u0119, pozostawia j\u0105 mi\u0119kk\u0105, bez osadu i uczucia \u015bci\u0105gni\u0119cia<\/li>\n<li>nietuzinkowa forma myd\u0142a<\/li>\n<\/ul>\n<p><strong>Zapach <em>Krampus<\/em><\/strong><\/p>\n<p>Kompozycja \u0142\u0105cz\u0105ca iglaste, \u015bwi\u0105teczne drzewka z s\u0142odkimi nutami korzennymi.<\/p>\n","protected":false},"featured_media":15250,"comment_status":"open","ping_status":"closed","template":"","meta":{"_monsterinsights_skip_tracking":false,"_monsterinsights_sitenote_active":false,"_monsterinsights_sitenote_note":"","_monsterinsights_sitenote_category":0},"product_brand":[],"product_cat":[115],"product_tag":[],"class_list":{"0":"post-15249","1":"product","2":"type-product","3":"status-publish","4":"has-post-thumbnail","6":"product_cat-mroczne-swieta","8":"first","9":"instock","10":"shipping-taxable","11":"purchasable","12":"product-type-simple"},"_links":{"self":[{"href":"https:\/\/amane.pl\/index.php?rest_route=\/wp\/v2\/product\/15249","targetHints":{"allow":["GET"]}}],"collection":[{"href":"https:\/\/amane.pl\/index.php?rest_route=\/wp\/v2\/product"}],"about":[{"href":"https:\/\/amane.pl\/index.php?rest_route=\/wp\/v2\/types\/product"}],"replies":[{"embeddable":true,"href":"https:\/\/amane.pl\/index.php?rest_route=%2Fwp%2Fv2%2Fcomments&post=15249"}],"wp:featuredmedia":[{"embeddable":true,"href":"https:\/\/amane.pl\/index.php?rest_route=\/wp\/v2\/media\/15250"}],"wp:attachment":[{"href":"https:\/\/amane.pl\/index.php?rest_route=%2Fwp%2Fv2%2Fmedia&parent=15249"}],"wp:term":[{"taxonomy":"product_brand","embeddable":true,"href":"https:\/\/amane.pl\/index.php?rest_route=%2Fwp%2Fv2%2Fproduct_brand&post=15249"},{"taxonomy":"product_cat","embeddable":true,"href":"https:\/\/amane.pl\/index.php?rest_route=%2Fwp%2Fv2%2Fproduct_cat&post=15249"},{"taxonomy":"product_tag","embeddable":true,"href":"https:\/\/amane.pl\/index.php?rest_route=%2Fwp%2Fv2%2Fproduct_tag&post=15249"}],"curies":[{"name":"wp","href":"https:\/\/api.w.org\/{rel}","templated":true}]}}