{"id":15395,"date":"2026-01-23T18:50:59","date_gmt":"2026-01-23T18:50:59","guid":{"rendered":"https:\/\/amane.pl\/?post_type=product&#038;p=15395"},"modified":"2026-01-24T15:42:20","modified_gmt":"2026-01-24T15:42:20","slug":"mystic-candle-love-elixir","status":"publish","type":"product","link":"https:\/\/amane.pl\/?product=mystic-candle-love-elixir","title":{"rendered":"Mystic Candle Love Elixir"},"content":{"rendered":"<p><img loading=\"lazy\" decoding=\"async\" class=\"alignnone size-medium wp-image-14134\" src=\"https:\/\/amane.pl\/wp-content\/uploads\/2024\/10\/rekodzielo-1-e1727865941205-300x132.png\" sizes=\"auto, (max-width: 300px) 100vw, 300px\" srcset=\"https:\/\/amane.pl\/wp-content\/uploads\/2024\/10\/rekodzielo-1-e1727865941205-300x132.png 300w, https:\/\/amane.pl\/wp-content\/uploads\/2024\/10\/rekodzielo-1-e1727865941205-420x185.png 420w, https:\/\/amane.pl\/wp-content\/uploads\/2024\/10\/rekodzielo-1-e1727865941205-380x167.png 380w, https:\/\/amane.pl\/wp-content\/uploads\/2024\/10\/rekodzielo-1-e1727865941205.png 500w\" alt=\"\" width=\"300\" height=\"132\" \/><\/p>\n<p><strong>Pojemno\u015b\u0107<\/strong>: 250 g.<\/p>\n<p><strong>Opakowanie<\/strong>: szk\u0142o<\/p>\n<p><span class=\"OYPEnA font-feature-liga-off font-feature-clig-off font-feature-calt-off text-decoration-none text-strikethrough-none\"><strong>Zawiera<\/strong>:\u00a0Coumarin, Benzaldehyde, Trimethylbenzenepropanol, Benzyl alcohol<\/span><\/p>\n","protected":false},"excerpt":{"rendered":"<p><strong>\u015awieca sojowa\u00a0<em>Love elixir &#8211;\u00a0 <\/em><\/strong><em>ochronny <\/em><em>turmalin &amp; p\u0142atki r\u00f3\u017cy<\/em><\/p>\n<p><img loading=\"lazy\" decoding=\"async\" class=\"alignnone wp-image-14481\" src=\"https:\/\/amane.pl\/wp-content\/uploads\/2025\/01\/Projekt-bez-nazwy-300x300.png\" alt=\"\" width=\"214\" height=\"214\" srcset=\"https:\/\/amane.pl\/wp-content\/uploads\/2025\/01\/Projekt-bez-nazwy-300x300.png 300w, https:\/\/amane.pl\/wp-content\/uploads\/2025\/01\/Projekt-bez-nazwy-420x420.png 420w, https:\/\/amane.pl\/wp-content\/uploads\/2025\/01\/Projekt-bez-nazwy-100x100.png 100w, https:\/\/amane.pl\/wp-content\/uploads\/2025\/01\/Projekt-bez-nazwy-150x150.png 150w, https:\/\/amane.pl\/wp-content\/uploads\/2025\/01\/Projekt-bez-nazwy.png 500w\" sizes=\"auto, (max-width: 214px) 100vw, 214px\" \/><\/p>\n<ul>\n<li style=\"list-style-type: none;\">\n<ul>\n<li>wosk sojowy \u2013 charakteryzuje si\u0119 zdecydowanie d\u0142u\u017cszym czasem palenia oraz ni\u017csz\u0105 temperatur\u0105 topnienia.<strong>\u00a0<\/strong>Jest biodegradowalny, nie zawiera syntetycznych dodatk\u00f3w oraz\u00a0 nie wytwarza szkodliwych toksyn.<\/li>\n<li>drewniany knot, kt\u00f3ry \u201cskwierczy\u201d podczas palenia przypominaj\u0105c odg\u0142osy palonego drewna w kominku,<\/li>\n<\/ul>\n<\/li>\n<\/ul>\n<p>\u0142\u0105czny czas palenia<strong>\u00a0to ok. 40 h.\u00a0<\/strong>Przy pierwszym odpaleniu pozostaw p\u0142omie\u0144 do momentu wypalenia ca\u0142ej g\u00f3rnej warstwy wosku \u2013 unikniesz tym samym powstawaniu tzw. \u201etunelu\u201d, a \u015bwieca b\u0119dzie wypala\u0107 si\u0119 prawid\u0142owo do samego ko\u0144ca<\/p>\n<p><img loading=\"lazy\" decoding=\"async\" class=\"alignnone wp-image-14068\" src=\"https:\/\/amane.pl\/wp-content\/uploads\/2024\/10\/Projekt-bez-nazwy-11-e1727856003725-300x128.png\" alt=\"\" width=\"173\" height=\"74\" srcset=\"https:\/\/amane.pl\/wp-content\/uploads\/2024\/10\/Projekt-bez-nazwy-11-e1727856003725-300x128.png 300w, https:\/\/amane.pl\/wp-content\/uploads\/2024\/10\/Projekt-bez-nazwy-11-e1727856003725-420x180.png 420w, https:\/\/amane.pl\/wp-content\/uploads\/2024\/10\/Projekt-bez-nazwy-11-e1727856003725-380x163.png 380w, https:\/\/amane.pl\/wp-content\/uploads\/2024\/10\/Projekt-bez-nazwy-11-e1727856003725.png 500w\" sizes=\"auto, (max-width: 173px) 100vw, 173px\" \/><\/p>\n<p><em><strong>O zapachu\u2026<\/strong><\/em><\/p>\n<p>Love elixir to zapach orientalnego kaszmiru. Ciep\u0142y i otulaj\u0105cy aromat \u0142\u0105cz\u0105cy nuty drzewne z wanili\u0105, bursztynem i pi\u017cmem, tworz\u0105c mi\u0119kk\u0105 i zmys\u0142ow\u0105 kompozycj\u0119.<\/p>\n","protected":false},"featured_media":15396,"comment_status":"open","ping_status":"closed","template":"","meta":{"_monsterinsights_skip_tracking":false,"_monsterinsights_sitenote_active":false,"_monsterinsights_sitenote_note":"","_monsterinsights_sitenote_category":0},"product_brand":[],"product_cat":[116],"product_tag":[],"class_list":{"0":"post-15395","1":"product","2":"type-product","3":"status-publish","4":"has-post-thumbnail","6":"product_cat-walentynki","8":"first","9":"instock","10":"shipping-taxable","11":"purchasable","12":"product-type-simple"},"_links":{"self":[{"href":"https:\/\/amane.pl\/index.php?rest_route=\/wp\/v2\/product\/15395","targetHints":{"allow":["GET"]}}],"collection":[{"href":"https:\/\/amane.pl\/index.php?rest_route=\/wp\/v2\/product"}],"about":[{"href":"https:\/\/amane.pl\/index.php?rest_route=\/wp\/v2\/types\/product"}],"replies":[{"embeddable":true,"href":"https:\/\/amane.pl\/index.php?rest_route=%2Fwp%2Fv2%2Fcomments&post=15395"}],"wp:featuredmedia":[{"embeddable":true,"href":"https:\/\/amane.pl\/index.php?rest_route=\/wp\/v2\/media\/15396"}],"wp:attachment":[{"href":"https:\/\/amane.pl\/index.php?rest_route=%2Fwp%2Fv2%2Fmedia&parent=15395"}],"wp:term":[{"taxonomy":"product_brand","embeddable":true,"href":"https:\/\/amane.pl\/index.php?rest_route=%2Fwp%2Fv2%2Fproduct_brand&post=15395"},{"taxonomy":"product_cat","embeddable":true,"href":"https:\/\/amane.pl\/index.php?rest_route=%2Fwp%2Fv2%2Fproduct_cat&post=15395"},{"taxonomy":"product_tag","embeddable":true,"href":"https:\/\/amane.pl\/index.php?rest_route=%2Fwp%2Fv2%2Fproduct_tag&post=15395"}],"curies":[{"name":"wp","href":"https:\/\/api.w.org\/{rel}","templated":true}]}}