{"id":15426,"date":"2026-02-23T09:59:27","date_gmt":"2026-02-23T09:59:27","guid":{"rendered":"https:\/\/amane.pl\/?post_type=product&#038;p=15426"},"modified":"2026-03-17T12:51:26","modified_gmt":"2026-03-17T12:51:26","slug":"olejek-do-ciala-i-kapieli-twilight","status":"publish","type":"product","link":"https:\/\/amane.pl\/?product=olejek-do-ciala-i-kapieli-twilight","title":{"rendered":"Olejek do cia\u0142a i k\u0105pieli Twilight"},"content":{"rendered":"<p><img loading=\"lazy\" decoding=\"async\" class=\"alignnone size-medium wp-image-14134\" src=\"https:\/\/amane.pl\/wp-content\/uploads\/2024\/10\/rekodzielo-1-e1727865941205-300x132.png\" alt=\"\" width=\"300\" height=\"132\" srcset=\"https:\/\/amane.pl\/wp-content\/uploads\/2024\/10\/rekodzielo-1-e1727865941205-300x132.png 300w, https:\/\/amane.pl\/wp-content\/uploads\/2024\/10\/rekodzielo-1-e1727865941205-420x185.png 420w, https:\/\/amane.pl\/wp-content\/uploads\/2024\/10\/rekodzielo-1-e1727865941205-380x167.png 380w, https:\/\/amane.pl\/wp-content\/uploads\/2024\/10\/rekodzielo-1-e1727865941205.png 500w\" sizes=\"auto, (max-width: 300px) 100vw, 300px\" \/><\/p>\n<p><strong>Pojemno\u015b\u0107<\/strong>: 250 ml.<\/p>\n<p><strong>Opakowanie<\/strong>: szk\u0142o<\/p>\n<p><strong>INCI<\/strong>: <span class=\"OYPEnA font-feature-liga-off font-feature-clig-off font-feature-calt-off text-decoration-none text-strikethrough-none\">Brassica Campestris Seed Oil, Parfum, Glycerin, Aqua, Amber Extract, <\/span>Benzaldehyde, Anise alcohol, Benzyl alcohol.<\/p>\n","protected":false},"excerpt":{"rendered":"<p><img loading=\"lazy\" decoding=\"async\" class=\"alignnone wp-image-13900\" src=\"https:\/\/amane.pl\/wp-content\/uploads\/2024\/10\/spatanist4-300x110.png\" alt=\"\" width=\"115\" height=\"42\" srcset=\"https:\/\/amane.pl\/wp-content\/uploads\/2024\/10\/spatanist4-300x110.png 300w, https:\/\/amane.pl\/wp-content\/uploads\/2024\/10\/spatanist4-420x153.png 420w, https:\/\/amane.pl\/wp-content\/uploads\/2024\/10\/spatanist4-800x292.png 800w, https:\/\/amane.pl\/wp-content\/uploads\/2024\/10\/spatanist4-1024x374.png 1024w, https:\/\/amane.pl\/wp-content\/uploads\/2024\/10\/spatanist4-768x280.png 768w, https:\/\/amane.pl\/wp-content\/uploads\/2024\/10\/spatanist4-1536x561.png 1536w, https:\/\/amane.pl\/wp-content\/uploads\/2024\/10\/spatanist4-2048x748.png 2048w, https:\/\/amane.pl\/wp-content\/uploads\/2024\/10\/spatanist4-1140x416.png 1140w, https:\/\/amane.pl\/wp-content\/uploads\/2024\/10\/spatanist4-920x336.png 920w, https:\/\/amane.pl\/wp-content\/uploads\/2024\/10\/spatanist4-575x210.png 575w, https:\/\/amane.pl\/wp-content\/uploads\/2024\/10\/spatanist4-380x139.png 380w\" sizes=\"auto, (max-width: 115px) 100vw, 115px\" \/> <img loading=\"lazy\" decoding=\"async\" class=\"alignnone wp-image-13901\" src=\"https:\/\/amane.pl\/wp-content\/uploads\/2024\/10\/spatanist2-300x296.png\" alt=\"\" width=\"54\" height=\"53\" srcset=\"https:\/\/amane.pl\/wp-content\/uploads\/2024\/10\/spatanist2-300x296.png 300w, https:\/\/amane.pl\/wp-content\/uploads\/2024\/10\/spatanist2-420x415.png 420w, https:\/\/amane.pl\/wp-content\/uploads\/2024\/10\/spatanist2-100x100.png 100w, https:\/\/amane.pl\/wp-content\/uploads\/2024\/10\/spatanist2-800x791.png 800w, https:\/\/amane.pl\/wp-content\/uploads\/2024\/10\/spatanist2-1024x1012.png 1024w, https:\/\/amane.pl\/wp-content\/uploads\/2024\/10\/spatanist2-150x150.png 150w, https:\/\/amane.pl\/wp-content\/uploads\/2024\/10\/spatanist2-768x759.png 768w, https:\/\/amane.pl\/wp-content\/uploads\/2024\/10\/spatanist2-1536x1518.png 1536w, https:\/\/amane.pl\/wp-content\/uploads\/2024\/10\/spatanist2-2048x2024.png 2048w, https:\/\/amane.pl\/wp-content\/uploads\/2024\/10\/spatanist2-1140x1127.png 1140w, https:\/\/amane.pl\/wp-content\/uploads\/2024\/10\/spatanist2-920x909.png 920w, https:\/\/amane.pl\/wp-content\/uploads\/2024\/10\/spatanist2-575x568.png 575w, https:\/\/amane.pl\/wp-content\/uploads\/2024\/10\/spatanist2-380x376.png 380w\" sizes=\"auto, (max-width: 54px) 100vw, 54px\" \/><\/p>\n<p>Olejek do cia\u0142a i k\u0105pieli<\/p>\n<ul>\n<li>wyj\u0105tkowy olejek perfumowany<\/li>\n<li>trzy sposoby u\u017cycia:<\/li>\n<\/ul>\n<ol>\n<li>podczas k\u0105pieli wetrzyj w mokr\u0105 sk\u00f3r\u0119, a nast\u0119pnie sp\u0142ucz<\/li>\n<li>po k\u0105pieli wetrzyj w osuszon\u0105 sk\u00f3r\u0119 i pozostaw do wch\u0142oni\u0119cia<\/li>\n<li>wlej do wanny i rozkoszuj si\u0119 aromatyczn\u0105 k\u0105piel\u0105<\/li>\n<\/ol>\n<ul>\n<li>dodatek ekstraktu z kryszta\u0142\u00f3w bursztynu &#8211; naturalny ekstrakt wykorzystywany w kosmetyce poprawia stan sk\u00f3ry zm\u0119czonej, przesuszonej, wymagaj\u0105cej rewitalizacji. Wp\u0142ywa na nawil\u017cenie sk\u00f3ry, zwi\u0119ksza jej j\u0119drno\u015b\u0107 i elastyczno\u015b\u0107<\/li>\n<li>dodatek witaminy E &#8211; naturalny konserwant poprawiaj\u0105cy j\u0119drno\u015b\u0107 i struktur\u0119 sk\u00f3ry. Wspiera dzia\u0142anie warstwy hydrolipidowej sk\u00f3ry, kt\u00f3ra chroni przed szkodliwymi czynnikami zewn\u0119trznymi.<\/li>\n<\/ul>\n<p><strong>Zapach <em>Twilight<\/em><\/strong><\/p>\n<p>Kompozycja orientalno-kwiatowa. Po\u0142\u0105czenie ci\u0119\u017ckich nut drzewnych ze s\u0142odk\u0105 wanili\u0105 prze\u0142aman\u0105 ja\u015bminem.<\/p>\n<p>nuty g\u0142owy: cytrusy<\/p>\n<p>nuty serca: ja\u015bmin, heliotrop, dzi\u0119giel<\/p>\n<p>nuty bazy: cedr, wanilia, bursztyn, bia\u0142e pi\u017cmo<\/p>\n<p>&nbsp;<\/p>\n","protected":false},"featured_media":14844,"comment_status":"open","ping_status":"closed","template":"","meta":{"_monsterinsights_skip_tracking":false,"_monsterinsights_sitenote_active":false,"_monsterinsights_sitenote_note":"","_monsterinsights_sitenote_category":0},"product_brand":[],"product_cat":[117,17],"product_tag":[],"class_list":{"0":"post-15426","1":"product","2":"type-product","3":"status-publish","4":"has-post-thumbnail","6":"product_cat-perfumowane-olejki","7":"product_cat-pielegnacja","9":"first","10":"instock","11":"shipping-taxable","12":"purchasable","13":"product-type-simple"},"_links":{"self":[{"href":"https:\/\/amane.pl\/index.php?rest_route=\/wp\/v2\/product\/15426","targetHints":{"allow":["GET"]}}],"collection":[{"href":"https:\/\/amane.pl\/index.php?rest_route=\/wp\/v2\/product"}],"about":[{"href":"https:\/\/amane.pl\/index.php?rest_route=\/wp\/v2\/types\/product"}],"replies":[{"embeddable":true,"href":"https:\/\/amane.pl\/index.php?rest_route=%2Fwp%2Fv2%2Fcomments&post=15426"}],"wp:featuredmedia":[{"embeddable":true,"href":"https:\/\/amane.pl\/index.php?rest_route=\/wp\/v2\/media\/14844"}],"wp:attachment":[{"href":"https:\/\/amane.pl\/index.php?rest_route=%2Fwp%2Fv2%2Fmedia&parent=15426"}],"wp:term":[{"taxonomy":"product_brand","embeddable":true,"href":"https:\/\/amane.pl\/index.php?rest_route=%2Fwp%2Fv2%2Fproduct_brand&post=15426"},{"taxonomy":"product_cat","embeddable":true,"href":"https:\/\/amane.pl\/index.php?rest_route=%2Fwp%2Fv2%2Fproduct_cat&post=15426"},{"taxonomy":"product_tag","embeddable":true,"href":"https:\/\/amane.pl\/index.php?rest_route=%2Fwp%2Fv2%2Fproduct_tag&post=15426"}],"curies":[{"name":"wp","href":"https:\/\/api.w.org\/{rel}","templated":true}]}}